{"id":1007,"date":"2022-09-01T10:36:56","date_gmt":"2022-09-01T10:36:56","guid":{"rendered":"https:\/\/maabmakeup.es\/?post_type=product&#038;p=1007"},"modified":"2025-07-08T18:51:23","modified_gmt":"2025-07-08T16:51:23","slug":"haltbar-grund-30gr","status":"publish","type":"product","link":"https:\/\/maabmakeup.com\/inicio-2\/tienda\/cuidado-de-las-unas\/ground\/haltbar-grund-30gr\/","title":{"rendered":"HALTBAR GRUND 30GR"},"content":{"rendered":"<p>Gel translucido. Sirve como adhesivo. Viscosidad baja. Contiene prote\u00ednas. Es autonivelante. Se aplica con una capa fina sobre la u\u00f1a natural deshidratada para aumentar la adhesi\u00f3n. Se puede utilizar tanto en moldes como tips.<\/p>\n","protected":false},"excerpt":{"rendered":"<p>Gel translucido. Sirve como adhesivo. Viscosidad baja. Contiene prote\u00ednas. Es autonivelante. Se aplica con una capa fina sobre la u\u00f1a<\/p>\n","protected":false},"featured_media":1005,"comment_status":"open","ping_status":"closed","template":"","meta":[],"product_brand":[208],"product_cat":[127,59],"product_tag":[],"class_list":{"0":"post-1007","1":"product","2":"type-product","3":"status-publish","4":"has-post-thumbnail","6":"product_brand-nika-nagel","7":"product_cat-cuidado-de-las-unas","8":"product_cat-ground","10":"first","11":"instock","12":"purchasable","13":"product-type-simple"},"_links":{"self":[{"href":"https:\/\/maabmakeup.com\/inicio-2\/wp-json\/wp\/v2\/product\/1007","targetHints":{"allow":["GET"]}}],"collection":[{"href":"https:\/\/maabmakeup.com\/inicio-2\/wp-json\/wp\/v2\/product"}],"about":[{"href":"https:\/\/maabmakeup.com\/inicio-2\/wp-json\/wp\/v2\/types\/product"}],"replies":[{"embeddable":true,"href":"https:\/\/maabmakeup.com\/inicio-2\/wp-json\/wp\/v2\/comments?post=1007"}],"wp:featuredmedia":[{"embeddable":true,"href":"https:\/\/maabmakeup.com\/inicio-2\/wp-json\/wp\/v2\/media\/1005"}],"wp:attachment":[{"href":"https:\/\/maabmakeup.com\/inicio-2\/wp-json\/wp\/v2\/media?parent=1007"}],"wp:term":[{"taxonomy":"product_brand","embeddable":true,"href":"https:\/\/maabmakeup.com\/inicio-2\/wp-json\/wp\/v2\/product_brand?post=1007"},{"taxonomy":"product_cat","embeddable":true,"href":"https:\/\/maabmakeup.com\/inicio-2\/wp-json\/wp\/v2\/product_cat?post=1007"},{"taxonomy":"product_tag","embeddable":true,"href":"https:\/\/maabmakeup.com\/inicio-2\/wp-json\/wp\/v2\/product_tag?post=1007"}],"curies":[{"name":"wp","href":"https:\/\/api.w.org\/{rel}","templated":true}]}}