{"id":1008,"date":"2022-09-01T10:39:39","date_gmt":"2022-09-01T10:39:39","guid":{"rendered":"https:\/\/maabmakeup.es\/?post_type=product&#038;p=1008"},"modified":"2025-07-01T14:46:58","modified_gmt":"2025-07-01T12:46:58","slug":"gel-plaza-pink-15gr","status":"publish","type":"product","link":"https:\/\/maabmakeup.com\/inicio-2\/tienda\/constructores\/gel-plaza-pink-15gr\/","title":{"rendered":"GEL PLAZA PINK 15GR"},"content":{"rendered":"<p>Gel pink, f\u00e1cil de esculpir. Viscosidad media. Para camuflaje. Autonivelante. Para cobertura completa \/ para manicura \/ para moldear el lecho de la u\u00f1a. Aseg\u00farate de usar una imprimaci\u00f3n<\/p>\n","protected":false},"excerpt":{"rendered":"<p>Gel pink, f\u00e1cil de esculpir. Viscosidad media. Para camuflaje. Autonivelante. Para cobertura completa \/ para manicura \/ para moldear el<\/p>\n","protected":false},"featured_media":1003,"comment_status":"open","ping_status":"closed","template":"","meta":[],"product_brand":[208],"product_cat":[226],"product_tag":[],"class_list":{"0":"post-1008","1":"product","2":"type-product","3":"status-publish","4":"has-post-thumbnail","6":"product_brand-nika-nagel","7":"product_cat-constructores","9":"first","10":"instock","11":"purchasable","12":"product-type-simple"},"_links":{"self":[{"href":"https:\/\/maabmakeup.com\/inicio-2\/wp-json\/wp\/v2\/product\/1008","targetHints":{"allow":["GET"]}}],"collection":[{"href":"https:\/\/maabmakeup.com\/inicio-2\/wp-json\/wp\/v2\/product"}],"about":[{"href":"https:\/\/maabmakeup.com\/inicio-2\/wp-json\/wp\/v2\/types\/product"}],"replies":[{"embeddable":true,"href":"https:\/\/maabmakeup.com\/inicio-2\/wp-json\/wp\/v2\/comments?post=1008"}],"wp:featuredmedia":[{"embeddable":true,"href":"https:\/\/maabmakeup.com\/inicio-2\/wp-json\/wp\/v2\/media\/1003"}],"wp:attachment":[{"href":"https:\/\/maabmakeup.com\/inicio-2\/wp-json\/wp\/v2\/media?parent=1008"}],"wp:term":[{"taxonomy":"product_brand","embeddable":true,"href":"https:\/\/maabmakeup.com\/inicio-2\/wp-json\/wp\/v2\/product_brand?post=1008"},{"taxonomy":"product_cat","embeddable":true,"href":"https:\/\/maabmakeup.com\/inicio-2\/wp-json\/wp\/v2\/product_cat?post=1008"},{"taxonomy":"product_tag","embeddable":true,"href":"https:\/\/maabmakeup.com\/inicio-2\/wp-json\/wp\/v2\/product_tag?post=1008"}],"curies":[{"name":"wp","href":"https:\/\/api.w.org\/{rel}","templated":true}]}}