{"id":1023,"date":"2022-09-01T11:01:53","date_gmt":"2022-09-01T11:01:53","guid":{"rendered":"https:\/\/maabmakeup.es\/?post_type=product&#038;p=1023"},"modified":"2025-07-13T12:27:44","modified_gmt":"2025-07-13T10:27:44","slug":"gel-univesell-30gr","status":"publish","type":"product","link":"https:\/\/maabmakeup.com\/inicio-2\/tienda\/constructores\/gel-builder\/gel-univesell-30gr\/","title":{"rendered":"GEL UNIVESELL 30GR"},"content":{"rendered":"<p>Gel constructor transparente, densidad alta, antialergico. Gracias a su buena adherencia con la u\u00f1a natural es posible esculpir u\u00f1as de acabados largos y extremos. F\u00e1cil de trabajar, no se expande y es autonivelante. Se puede utilizar tanto con tips como con molde. Gel de limado f\u00e1cil, y permite trabajar r\u00e1pido y confortable. Gel de resistencia igual al acr\u00edlico.<\/p>\n","protected":false},"excerpt":{"rendered":"<p>Gel constructor transparente, densidad alta, antialergico. Gracias a su buena adherencia con la u\u00f1a natural es posible esculpir u\u00f1as de<\/p>\n","protected":false},"featured_media":1022,"comment_status":"open","ping_status":"closed","template":"","meta":[],"product_brand":[208],"product_cat":[226,233],"product_tag":[],"class_list":{"0":"post-1023","1":"product","2":"type-product","3":"status-publish","4":"has-post-thumbnail","6":"product_brand-nika-nagel","7":"product_cat-constructores","8":"product_cat-gel-builder","10":"first","11":"instock","12":"purchasable","13":"product-type-simple"},"_links":{"self":[{"href":"https:\/\/maabmakeup.com\/inicio-2\/wp-json\/wp\/v2\/product\/1023","targetHints":{"allow":["GET"]}}],"collection":[{"href":"https:\/\/maabmakeup.com\/inicio-2\/wp-json\/wp\/v2\/product"}],"about":[{"href":"https:\/\/maabmakeup.com\/inicio-2\/wp-json\/wp\/v2\/types\/product"}],"replies":[{"embeddable":true,"href":"https:\/\/maabmakeup.com\/inicio-2\/wp-json\/wp\/v2\/comments?post=1023"}],"wp:featuredmedia":[{"embeddable":true,"href":"https:\/\/maabmakeup.com\/inicio-2\/wp-json\/wp\/v2\/media\/1022"}],"wp:attachment":[{"href":"https:\/\/maabmakeup.com\/inicio-2\/wp-json\/wp\/v2\/media?parent=1023"}],"wp:term":[{"taxonomy":"product_brand","embeddable":true,"href":"https:\/\/maabmakeup.com\/inicio-2\/wp-json\/wp\/v2\/product_brand?post=1023"},{"taxonomy":"product_cat","embeddable":true,"href":"https:\/\/maabmakeup.com\/inicio-2\/wp-json\/wp\/v2\/product_cat?post=1023"},{"taxonomy":"product_tag","embeddable":true,"href":"https:\/\/maabmakeup.com\/inicio-2\/wp-json\/wp\/v2\/product_tag?post=1023"}],"curies":[{"name":"wp","href":"https:\/\/api.w.org\/{rel}","templated":true}]}}