{"id":1024,"date":"2022-09-01T11:03:43","date_gmt":"2022-09-01T11:03:43","guid":{"rendered":"https:\/\/maabmakeup.es\/?post_type=product&#038;p=1024"},"modified":"2025-07-13T12:28:18","modified_gmt":"2025-07-13T10:28:18","slug":"infiniti-8-5ml","status":"publish","type":"product","link":"https:\/\/maabmakeup.com\/inicio-2\/tienda\/esmaltes\/infiniti\/infiniti-8-5ml\/","title":{"rendered":"INFINITI 8 -5ML"},"content":{"rendered":"<ul>\n<li>Esmalte semipermanente de efecto hologr\u00e1fico doble l\u00ednea magn\u00e9tico, densidad media, para decoraciones.<\/li>\n<\/ul>\n","protected":false},"excerpt":{"rendered":"<p>Esmalte semipermanente de efecto hologr\u00e1fico doble l\u00ednea magn\u00e9tico, densidad media, para decoraciones.<\/p>\n","protected":false},"featured_media":1025,"comment_status":"open","ping_status":"closed","template":"","meta":[],"product_brand":[208],"product_cat":[123,61],"product_tag":[],"class_list":{"0":"post-1024","1":"product","2":"type-product","3":"status-publish","4":"has-post-thumbnail","6":"product_brand-nika-nagel","7":"product_cat-esmaltes","8":"product_cat-infiniti","10":"first","11":"instock","12":"purchasable","13":"product-type-simple"},"_links":{"self":[{"href":"https:\/\/maabmakeup.com\/inicio-2\/wp-json\/wp\/v2\/product\/1024","targetHints":{"allow":["GET"]}}],"collection":[{"href":"https:\/\/maabmakeup.com\/inicio-2\/wp-json\/wp\/v2\/product"}],"about":[{"href":"https:\/\/maabmakeup.com\/inicio-2\/wp-json\/wp\/v2\/types\/product"}],"replies":[{"embeddable":true,"href":"https:\/\/maabmakeup.com\/inicio-2\/wp-json\/wp\/v2\/comments?post=1024"}],"wp:featuredmedia":[{"embeddable":true,"href":"https:\/\/maabmakeup.com\/inicio-2\/wp-json\/wp\/v2\/media\/1025"}],"wp:attachment":[{"href":"https:\/\/maabmakeup.com\/inicio-2\/wp-json\/wp\/v2\/media?parent=1024"}],"wp:term":[{"taxonomy":"product_brand","embeddable":true,"href":"https:\/\/maabmakeup.com\/inicio-2\/wp-json\/wp\/v2\/product_brand?post=1024"},{"taxonomy":"product_cat","embeddable":true,"href":"https:\/\/maabmakeup.com\/inicio-2\/wp-json\/wp\/v2\/product_cat?post=1024"},{"taxonomy":"product_tag","embeddable":true,"href":"https:\/\/maabmakeup.com\/inicio-2\/wp-json\/wp\/v2\/product_tag?post=1024"}],"curies":[{"name":"wp","href":"https:\/\/api.w.org\/{rel}","templated":true}]}}