{"id":1191,"date":"2022-09-02T17:00:40","date_gmt":"2022-09-02T15:00:40","guid":{"rendered":"https:\/\/maabmakeup.es\/?post_type=product&#038;p=1191"},"modified":"2025-07-13T12:40:26","modified_gmt":"2025-07-13T10:40:26","slug":"milk-neon-8","status":"publish","type":"product","link":"https:\/\/maabmakeup.com\/inicio-2\/tienda\/esmaltes\/milk-neon\/milk-neon-8\/","title":{"rendered":"MILK NE\u00d3N 8"},"content":{"rendered":"<p>Color ne\u00f3n fl\u00faor especial colecci\u00f3n de verano y fiesta de la colecci\u00f3n Milk Ne\u00f3n.<\/p>\n","protected":false},"excerpt":{"rendered":"<p>Color ne\u00f3n fl\u00faor especial colecci\u00f3n de verano y fiesta de la colecci\u00f3n Milk Ne\u00f3n.<\/p>\n","protected":false},"featured_media":1185,"comment_status":"open","ping_status":"closed","template":"","meta":[],"product_brand":[208],"product_cat":[123,64,176],"product_tag":[],"class_list":{"0":"post-1191","1":"product","2":"type-product","3":"status-publish","4":"has-post-thumbnail","6":"product_brand-nika-nagel","7":"product_cat-esmaltes","8":"product_cat-milk-neon","9":"product_cat-ofertas","11":"first","12":"instock","13":"sale","14":"purchasable","15":"product-type-simple"},"_links":{"self":[{"href":"https:\/\/maabmakeup.com\/inicio-2\/wp-json\/wp\/v2\/product\/1191","targetHints":{"allow":["GET"]}}],"collection":[{"href":"https:\/\/maabmakeup.com\/inicio-2\/wp-json\/wp\/v2\/product"}],"about":[{"href":"https:\/\/maabmakeup.com\/inicio-2\/wp-json\/wp\/v2\/types\/product"}],"replies":[{"embeddable":true,"href":"https:\/\/maabmakeup.com\/inicio-2\/wp-json\/wp\/v2\/comments?post=1191"}],"wp:featuredmedia":[{"embeddable":true,"href":"https:\/\/maabmakeup.com\/inicio-2\/wp-json\/wp\/v2\/media\/1185"}],"wp:attachment":[{"href":"https:\/\/maabmakeup.com\/inicio-2\/wp-json\/wp\/v2\/media?parent=1191"}],"wp:term":[{"taxonomy":"product_brand","embeddable":true,"href":"https:\/\/maabmakeup.com\/inicio-2\/wp-json\/wp\/v2\/product_brand?post=1191"},{"taxonomy":"product_cat","embeddable":true,"href":"https:\/\/maabmakeup.com\/inicio-2\/wp-json\/wp\/v2\/product_cat?post=1191"},{"taxonomy":"product_tag","embeddable":true,"href":"https:\/\/maabmakeup.com\/inicio-2\/wp-json\/wp\/v2\/product_tag?post=1191"}],"curies":[{"name":"wp","href":"https:\/\/api.w.org\/{rel}","templated":true}]}}