{"id":1233,"date":"2022-09-02T17:32:51","date_gmt":"2022-09-02T17:32:51","guid":{"rendered":"https:\/\/maabmakeup.es\/?post_type=product&#038;p=1233"},"modified":"2025-07-13T12:50:57","modified_gmt":"2025-07-13T10:50:57","slug":"metal-liquido-3-5ml","status":"publish","type":"product","link":"https:\/\/maabmakeup.com\/inicio-2\/tienda\/decoracion\/metal-liquido\/metal-liquido-3-5ml\/","title":{"rendered":"METAL L\u00cdQUIDO 3-5ML"},"content":{"rendered":"<p>Gel con aspecto similar al metal l\u00edquido. Tiene un impresionante brillo. Se aplica en una sola capa. No tiene ninguna capa de dispersi\u00f3n (adhesivo).<\/p>\n","protected":false},"excerpt":{"rendered":"<p>Gel con aspecto similar al metal l\u00edquido. Tiene un impresionante brillo. Se aplica en una sola capa. No tiene ninguna<\/p>\n","protected":false},"featured_media":1230,"comment_status":"open","ping_status":"closed","template":"","meta":[],"product_brand":[208],"product_cat":[84,87,176],"product_tag":[],"class_list":{"0":"post-1233","1":"product","2":"type-product","3":"status-publish","4":"has-post-thumbnail","6":"product_brand-nika-nagel","7":"product_cat-decoracion","8":"product_cat-metal-liquido","9":"product_cat-ofertas","11":"first","12":"instock","13":"sale","14":"purchasable","15":"product-type-simple"},"_links":{"self":[{"href":"https:\/\/maabmakeup.com\/inicio-2\/wp-json\/wp\/v2\/product\/1233","targetHints":{"allow":["GET"]}}],"collection":[{"href":"https:\/\/maabmakeup.com\/inicio-2\/wp-json\/wp\/v2\/product"}],"about":[{"href":"https:\/\/maabmakeup.com\/inicio-2\/wp-json\/wp\/v2\/types\/product"}],"replies":[{"embeddable":true,"href":"https:\/\/maabmakeup.com\/inicio-2\/wp-json\/wp\/v2\/comments?post=1233"}],"wp:featuredmedia":[{"embeddable":true,"href":"https:\/\/maabmakeup.com\/inicio-2\/wp-json\/wp\/v2\/media\/1230"}],"wp:attachment":[{"href":"https:\/\/maabmakeup.com\/inicio-2\/wp-json\/wp\/v2\/media?parent=1233"}],"wp:term":[{"taxonomy":"product_brand","embeddable":true,"href":"https:\/\/maabmakeup.com\/inicio-2\/wp-json\/wp\/v2\/product_brand?post=1233"},{"taxonomy":"product_cat","embeddable":true,"href":"https:\/\/maabmakeup.com\/inicio-2\/wp-json\/wp\/v2\/product_cat?post=1233"},{"taxonomy":"product_tag","embeddable":true,"href":"https:\/\/maabmakeup.com\/inicio-2\/wp-json\/wp\/v2\/product_tag?post=1233"}],"curies":[{"name":"wp","href":"https:\/\/api.w.org\/{rel}","templated":true}]}}