{"id":1327,"date":"2022-09-06T08:16:22","date_gmt":"2022-09-06T06:16:22","guid":{"rendered":"https:\/\/maabmakeup.es\/?post_type=product&#038;p=1327"},"modified":"2026-02-05T11:26:50","modified_gmt":"2026-02-05T10:26:50","slug":"primer-sin-acido-nika-nagel-15ml","status":"publish","type":"product","link":"https:\/\/maabmakeup.com\/inicio-2\/tienda\/cuidado-de-las-unas\/primer\/primer-sin-acido-nika-nagel-15ml\/","title":{"rendered":"PRIMER \u00abSIN ACIDO\u00bb \u2013 15ML"},"content":{"rendered":"<p>Fuertes propiedades adhesivas que promueven la adhesi\u00f3n de la u\u00f1a al material artificial.<\/p>\n<p>Es un material hipoalerg\u00e9nico.<\/p>\n<p>Libre de \u00e1cido que se seca en el aire.<\/p>\n<p>Funciona como\u00c2\u00a0adhesivo de doble cara.<\/p>\n","protected":false},"excerpt":{"rendered":"<p>Fuertes propiedades adhesivas que promueven la adhesi\u00f3n de la u\u00f1a al material artificial. Es un material hipoalerg\u00e9nico. Libre de \u00e1cido<\/p>\n","protected":false},"featured_media":7784,"comment_status":"open","ping_status":"closed","template":"","meta":[],"product_brand":[186],"product_cat":[127,77],"product_tag":[],"class_list":{"0":"post-1327","1":"product","2":"type-product","3":"status-publish","4":"has-post-thumbnail","6":"product_brand-illusion-beauty","7":"product_cat-cuidado-de-las-unas","8":"product_cat-primer","10":"first","11":"instock","12":"purchasable","13":"product-type-simple"},"_links":{"self":[{"href":"https:\/\/maabmakeup.com\/inicio-2\/wp-json\/wp\/v2\/product\/1327","targetHints":{"allow":["GET"]}}],"collection":[{"href":"https:\/\/maabmakeup.com\/inicio-2\/wp-json\/wp\/v2\/product"}],"about":[{"href":"https:\/\/maabmakeup.com\/inicio-2\/wp-json\/wp\/v2\/types\/product"}],"replies":[{"embeddable":true,"href":"https:\/\/maabmakeup.com\/inicio-2\/wp-json\/wp\/v2\/comments?post=1327"}],"wp:featuredmedia":[{"embeddable":true,"href":"https:\/\/maabmakeup.com\/inicio-2\/wp-json\/wp\/v2\/media\/7784"}],"wp:attachment":[{"href":"https:\/\/maabmakeup.com\/inicio-2\/wp-json\/wp\/v2\/media?parent=1327"}],"wp:term":[{"taxonomy":"product_brand","embeddable":true,"href":"https:\/\/maabmakeup.com\/inicio-2\/wp-json\/wp\/v2\/product_brand?post=1327"},{"taxonomy":"product_cat","embeddable":true,"href":"https:\/\/maabmakeup.com\/inicio-2\/wp-json\/wp\/v2\/product_cat?post=1327"},{"taxonomy":"product_tag","embeddable":true,"href":"https:\/\/maabmakeup.com\/inicio-2\/wp-json\/wp\/v2\/product_tag?post=1327"}],"curies":[{"name":"wp","href":"https:\/\/api.w.org\/{rel}","templated":true}]}}