{"id":1386,"date":"2022-09-06T08:40:46","date_gmt":"2022-09-06T08:40:46","guid":{"rendered":"https:\/\/maabmakeup.es\/?post_type=product&#038;p=1386"},"modified":"2025-07-13T13:27:46","modified_gmt":"2025-07-13T11:27:46","slug":"plantilla-para-aerografia-y-diseno-de-unas-no92","status":"publish","type":"product","link":"https:\/\/maabmakeup.com\/inicio-2\/tienda\/accesorios\/accesorios-termish\/plantilla-para-aerografia-y-diseno-de-unas-no92\/","title":{"rendered":"PLANTILLA PARA AEROGRAF\u00cdA Y DISE\u00d1O DE U\u00d1AS N\u00ba92"},"content":{"rendered":"","protected":false},"excerpt":{"rendered":"","protected":false},"featured_media":1372,"comment_status":"open","ping_status":"closed","template":"","meta":[],"product_brand":[219],"product_cat":[107,32,129,75],"product_tag":[],"class_list":{"0":"post-1386","1":"product","2":"type-product","3":"status-publish","4":"has-post-thumbnail","6":"product_brand-termish","7":"product_cat-accesorios","8":"product_cat-accesorios-termish","9":"product_cat-aerografia","10":"product_cat-plantillas-aerografo","12":"first","13":"instock","14":"purchasable","15":"product-type-simple"},"_links":{"self":[{"href":"https:\/\/maabmakeup.com\/inicio-2\/wp-json\/wp\/v2\/product\/1386","targetHints":{"allow":["GET"]}}],"collection":[{"href":"https:\/\/maabmakeup.com\/inicio-2\/wp-json\/wp\/v2\/product"}],"about":[{"href":"https:\/\/maabmakeup.com\/inicio-2\/wp-json\/wp\/v2\/types\/product"}],"replies":[{"embeddable":true,"href":"https:\/\/maabmakeup.com\/inicio-2\/wp-json\/wp\/v2\/comments?post=1386"}],"wp:featuredmedia":[{"embeddable":true,"href":"https:\/\/maabmakeup.com\/inicio-2\/wp-json\/wp\/v2\/media\/1372"}],"wp:attachment":[{"href":"https:\/\/maabmakeup.com\/inicio-2\/wp-json\/wp\/v2\/media?parent=1386"}],"wp:term":[{"taxonomy":"product_brand","embeddable":true,"href":"https:\/\/maabmakeup.com\/inicio-2\/wp-json\/wp\/v2\/product_brand?post=1386"},{"taxonomy":"product_cat","embeddable":true,"href":"https:\/\/maabmakeup.com\/inicio-2\/wp-json\/wp\/v2\/product_cat?post=1386"},{"taxonomy":"product_tag","embeddable":true,"href":"https:\/\/maabmakeup.com\/inicio-2\/wp-json\/wp\/v2\/product_tag?post=1386"}],"curies":[{"name":"wp","href":"https:\/\/api.w.org\/{rel}","templated":true}]}}