{"id":1489,"date":"2022-09-22T08:52:43","date_gmt":"2022-09-22T08:52:43","guid":{"rendered":"https:\/\/maabmakeup.es\/?post_type=product&#038;p=1489"},"modified":"2025-07-13T13:38:55","modified_gmt":"2025-07-13T11:38:55","slug":"elastic-pro-15gr-weiss","status":"publish","type":"product","link":"https:\/\/maabmakeup.com\/inicio-2\/tienda\/constructores\/polygel-strong-constructores\/elastic-pro-15gr-weiss\/","title":{"rendered":"ELASTIC PRO 15GR WEISS"},"content":{"rendered":"<p>Elastic PRO \u2013 \u00abPolygel\u00bb, se llev\u00f3 lo mejor de acr\u00edlico y del gel. ?<\/p>\n<p>Incre\u00edblemente sencillo de trabajar!.<\/p>\n<p>\u00e2\u0153\u201dOlv\u00eddate del olor como el acr\u00edlico;?.<br \/>\n\u00e2\u0153\u201dTiene una magn\u00edfica durabilidad al desgaste;?.<br \/>\n\u00e2\u0153\u201dIncre\u00edble resistencia! \u00e2\u02dc\u009d.<\/p>\n<p>Tienes que probarlo!<\/p>\n","protected":false},"excerpt":{"rendered":"<p>Elastic PRO \u2013 \u00abPolygel\u00bb, se llev\u00f3 lo mejor de acr\u00edlico y del gel. ? Incre\u00edblemente sencillo de trabajar!. \u00e2\u0153\u201dOlv\u00eddate del<\/p>\n","protected":false},"featured_media":1490,"comment_status":"open","ping_status":"closed","template":"","meta":[],"product_brand":[208],"product_cat":[226,176,232],"product_tag":[],"class_list":{"0":"post-1489","1":"product","2":"type-product","3":"status-publish","4":"has-post-thumbnail","6":"product_brand-nika-nagel","7":"product_cat-constructores","8":"product_cat-ofertas","9":"product_cat-polygel-strong-constructores","11":"first","12":"instock","13":"sale","14":"purchasable","15":"product-type-simple"},"_links":{"self":[{"href":"https:\/\/maabmakeup.com\/inicio-2\/wp-json\/wp\/v2\/product\/1489","targetHints":{"allow":["GET"]}}],"collection":[{"href":"https:\/\/maabmakeup.com\/inicio-2\/wp-json\/wp\/v2\/product"}],"about":[{"href":"https:\/\/maabmakeup.com\/inicio-2\/wp-json\/wp\/v2\/types\/product"}],"replies":[{"embeddable":true,"href":"https:\/\/maabmakeup.com\/inicio-2\/wp-json\/wp\/v2\/comments?post=1489"}],"wp:featuredmedia":[{"embeddable":true,"href":"https:\/\/maabmakeup.com\/inicio-2\/wp-json\/wp\/v2\/media\/1490"}],"wp:attachment":[{"href":"https:\/\/maabmakeup.com\/inicio-2\/wp-json\/wp\/v2\/media?parent=1489"}],"wp:term":[{"taxonomy":"product_brand","embeddable":true,"href":"https:\/\/maabmakeup.com\/inicio-2\/wp-json\/wp\/v2\/product_brand?post=1489"},{"taxonomy":"product_cat","embeddable":true,"href":"https:\/\/maabmakeup.com\/inicio-2\/wp-json\/wp\/v2\/product_cat?post=1489"},{"taxonomy":"product_tag","embeddable":true,"href":"https:\/\/maabmakeup.com\/inicio-2\/wp-json\/wp\/v2\/product_tag?post=1489"}],"curies":[{"name":"wp","href":"https:\/\/api.w.org\/{rel}","templated":true}]}}