{"id":1663,"date":"2022-10-12T16:12:17","date_gmt":"2022-10-12T16:12:17","guid":{"rendered":"https:\/\/maabmakeup.es\/?post_type=product&#038;p=1663"},"modified":"2025-07-13T13:41:28","modified_gmt":"2025-07-13T11:41:28","slug":"tentacion-8-7ml","status":"publish","type":"product","link":"https:\/\/maabmakeup.com\/inicio-2\/tienda\/esmaltes\/tentacion\/tentacion-8-7ml\/","title":{"rendered":"TENTACI\u00d3N 8-7ML"},"content":{"rendered":"<p>Gel lack semipermanente de nueva generaci\u00f3n, de f\u00e1cil aplicaci\u00f3n y gran cobertura.\u00c2\u00a0Liquido.\u00c2\u00a0<span style=\"font-size: 16px\">Con una capa pegajosa.\u00c2\u00a0<\/span><span style=\"font-size: 16px\">Para cobertura completa y\u00c2\u00a0para dise\u00f1o.\u00c2\u00a0<\/span><span style=\"font-size: 16px\">Aseg\u00farate de usar una imprimaci\u00f3n.<\/span><\/p>\n","protected":false},"excerpt":{"rendered":"<p>Gel lack semipermanente de nueva generaci\u00f3n, de f\u00e1cil aplicaci\u00f3n y gran cobertura.\u00c2\u00a0Liquido.\u00c2\u00a0Con una capa pegajosa.\u00c2\u00a0Para cobertura completa y\u00c2\u00a0para dise\u00f1o.\u00c2\u00a0Aseg\u00farate de<\/p>\n","protected":false},"featured_media":1664,"comment_status":"open","ping_status":"closed","template":"","meta":[],"product_brand":[208],"product_cat":[123,176,135],"product_tag":[],"class_list":{"0":"post-1663","1":"product","2":"type-product","3":"status-publish","4":"has-post-thumbnail","6":"product_brand-nika-nagel","7":"product_cat-esmaltes","8":"product_cat-ofertas","9":"product_cat-tentacion","11":"first","12":"instock","13":"sale","14":"purchasable","15":"product-type-simple"},"_links":{"self":[{"href":"https:\/\/maabmakeup.com\/inicio-2\/wp-json\/wp\/v2\/product\/1663","targetHints":{"allow":["GET"]}}],"collection":[{"href":"https:\/\/maabmakeup.com\/inicio-2\/wp-json\/wp\/v2\/product"}],"about":[{"href":"https:\/\/maabmakeup.com\/inicio-2\/wp-json\/wp\/v2\/types\/product"}],"replies":[{"embeddable":true,"href":"https:\/\/maabmakeup.com\/inicio-2\/wp-json\/wp\/v2\/comments?post=1663"}],"wp:featuredmedia":[{"embeddable":true,"href":"https:\/\/maabmakeup.com\/inicio-2\/wp-json\/wp\/v2\/media\/1664"}],"wp:attachment":[{"href":"https:\/\/maabmakeup.com\/inicio-2\/wp-json\/wp\/v2\/media?parent=1663"}],"wp:term":[{"taxonomy":"product_brand","embeddable":true,"href":"https:\/\/maabmakeup.com\/inicio-2\/wp-json\/wp\/v2\/product_brand?post=1663"},{"taxonomy":"product_cat","embeddable":true,"href":"https:\/\/maabmakeup.com\/inicio-2\/wp-json\/wp\/v2\/product_cat?post=1663"},{"taxonomy":"product_tag","embeddable":true,"href":"https:\/\/maabmakeup.com\/inicio-2\/wp-json\/wp\/v2\/product_tag?post=1663"}],"curies":[{"name":"wp","href":"https:\/\/api.w.org\/{rel}","templated":true}]}}