{"id":1698,"date":"2022-10-12T16:52:06","date_gmt":"2022-10-12T16:52:06","guid":{"rendered":"https:\/\/maabmakeup.es\/?post_type=product&#038;p=1698"},"modified":"2025-07-13T13:47:28","modified_gmt":"2025-07-13T11:47:28","slug":"gel-lack-neon-luna-7-7ml","status":"publish","type":"product","link":"https:\/\/maabmakeup.com\/inicio-2\/tienda\/esmaltes\/neon-luna\/gel-lack-neon-luna-7-7ml\/","title":{"rendered":"GEL LACK NEON LUNA 7-7ML11112563"},"content":{"rendered":"<p>Los geles Ne\u00f3n Luna se aplican de manera ideal en una sola capa debido a su textura y profundos tonos. La composici\u00f3n \u00fanica del gel cuando se usa un im\u00e1n da un efecto sorprendente de la \u00abtrayectoria lunar\u00bb y, cuando se dispersa, los geles adquieren un brillo cromado magn\u00e9tico.<\/p>\n","protected":false},"excerpt":{"rendered":"<p>Los geles Ne\u00f3n Luna se aplican de manera ideal en una sola capa debido a su textura y profundos tonos.<\/p>\n","protected":false},"featured_media":1699,"comment_status":"open","ping_status":"closed","template":"","meta":[],"product_brand":[208],"product_cat":[123,136,176],"product_tag":[],"class_list":{"0":"post-1698","1":"product","2":"type-product","3":"status-publish","4":"has-post-thumbnail","6":"product_brand-nika-nagel","7":"product_cat-esmaltes","8":"product_cat-neon-luna","9":"product_cat-ofertas","11":"first","12":"instock","13":"sale","14":"purchasable","15":"product-type-simple"},"_links":{"self":[{"href":"https:\/\/maabmakeup.com\/inicio-2\/wp-json\/wp\/v2\/product\/1698","targetHints":{"allow":["GET"]}}],"collection":[{"href":"https:\/\/maabmakeup.com\/inicio-2\/wp-json\/wp\/v2\/product"}],"about":[{"href":"https:\/\/maabmakeup.com\/inicio-2\/wp-json\/wp\/v2\/types\/product"}],"replies":[{"embeddable":true,"href":"https:\/\/maabmakeup.com\/inicio-2\/wp-json\/wp\/v2\/comments?post=1698"}],"wp:featuredmedia":[{"embeddable":true,"href":"https:\/\/maabmakeup.com\/inicio-2\/wp-json\/wp\/v2\/media\/1699"}],"wp:attachment":[{"href":"https:\/\/maabmakeup.com\/inicio-2\/wp-json\/wp\/v2\/media?parent=1698"}],"wp:term":[{"taxonomy":"product_brand","embeddable":true,"href":"https:\/\/maabmakeup.com\/inicio-2\/wp-json\/wp\/v2\/product_brand?post=1698"},{"taxonomy":"product_cat","embeddable":true,"href":"https:\/\/maabmakeup.com\/inicio-2\/wp-json\/wp\/v2\/product_cat?post=1698"},{"taxonomy":"product_tag","embeddable":true,"href":"https:\/\/maabmakeup.com\/inicio-2\/wp-json\/wp\/v2\/product_tag?post=1698"}],"curies":[{"name":"wp","href":"https:\/\/api.w.org\/{rel}","templated":true}]}}