{"id":1770,"date":"2022-10-13T15:04:50","date_gmt":"2022-10-13T15:04:50","guid":{"rendered":"https:\/\/maabmakeup.es\/?post_type=product&#038;p=1770"},"modified":"2026-02-06T18:30:19","modified_gmt":"2026-02-06T17:30:19","slug":"iman-doble","status":"publish","type":"product","link":"https:\/\/maabmakeup.com\/inicio-2\/tienda\/accesorios\/herramientas\/iman-doble\/","title":{"rendered":"IM\u00c1N DOBLE"},"content":{"rendered":"<p>Im\u00e1n doble especial para utilizar en combinaci\u00f3n con los geles especiales magn\u00e9ticos. De mayor potencia que los de generaci\u00f3n anterior.<\/p>\n","protected":false},"excerpt":{"rendered":"<p>Im\u00e1n doble especial para utilizar en combinaci\u00f3n con los geles especiales magn\u00e9ticos. De mayor potencia que los de generaci\u00f3n anterior.<\/p>\n","protected":false},"featured_media":1771,"comment_status":"open","ping_status":"closed","template":"","meta":[],"product_brand":[213],"product_cat":[107,247],"product_tag":[],"class_list":{"0":"post-1770","1":"product","2":"type-product","3":"status-publish","4":"has-post-thumbnail","6":"product_brand-maabmakeup","7":"product_cat-accesorios","8":"product_cat-herramientas","10":"first","11":"instock","12":"purchasable","13":"product-type-simple"},"_links":{"self":[{"href":"https:\/\/maabmakeup.com\/inicio-2\/wp-json\/wp\/v2\/product\/1770","targetHints":{"allow":["GET"]}}],"collection":[{"href":"https:\/\/maabmakeup.com\/inicio-2\/wp-json\/wp\/v2\/product"}],"about":[{"href":"https:\/\/maabmakeup.com\/inicio-2\/wp-json\/wp\/v2\/types\/product"}],"replies":[{"embeddable":true,"href":"https:\/\/maabmakeup.com\/inicio-2\/wp-json\/wp\/v2\/comments?post=1770"}],"wp:featuredmedia":[{"embeddable":true,"href":"https:\/\/maabmakeup.com\/inicio-2\/wp-json\/wp\/v2\/media\/1771"}],"wp:attachment":[{"href":"https:\/\/maabmakeup.com\/inicio-2\/wp-json\/wp\/v2\/media?parent=1770"}],"wp:term":[{"taxonomy":"product_brand","embeddable":true,"href":"https:\/\/maabmakeup.com\/inicio-2\/wp-json\/wp\/v2\/product_brand?post=1770"},{"taxonomy":"product_cat","embeddable":true,"href":"https:\/\/maabmakeup.com\/inicio-2\/wp-json\/wp\/v2\/product_cat?post=1770"},{"taxonomy":"product_tag","embeddable":true,"href":"https:\/\/maabmakeup.com\/inicio-2\/wp-json\/wp\/v2\/product_tag?post=1770"}],"curies":[{"name":"wp","href":"https:\/\/api.w.org\/{rel}","templated":true}]}}