{"id":1791,"date":"2022-10-13T15:41:10","date_gmt":"2022-10-13T13:41:10","guid":{"rendered":"https:\/\/maabmakeup.es\/?post_type=product&#038;p=1791"},"modified":"2025-08-19T18:07:35","modified_gmt":"2025-08-19T16:07:35","slug":"hexagon-no7-7ml","status":"publish","type":"product","link":"https:\/\/maabmakeup.com\/inicio-2\/tienda\/esmaltes\/hexagon\/hexagon-no7-7ml\/","title":{"rendered":"HEXAGON N\u00ba7-7ML"},"content":{"rendered":"<p>Gel lack semipermanente de nueva generaci\u00f3n, de f\u00e1cil aplicaci\u00f3n y gran cobertura.\u00c2\u00a0Con shiners de diferentes tama\u00f1os.\u00c2\u00a0<span style=\"font-size: 16px\">Con una capa pegajosa.\u00c2\u00a0<\/span><span style=\"font-size: 16px\">Para cobertura completa y\u00c2\u00a0para dise\u00f1o.\u00c2\u00a0<\/span><span style=\"font-size: 16px\">Aseg\u00farate de usar una imprimaci\u00f3n.<\/span><\/p>\n","protected":false},"excerpt":{"rendered":"<p>Gel lack semipermanente de nueva generaci\u00f3n, de f\u00e1cil aplicaci\u00f3n y gran cobertura.\u00c2\u00a0Con shiners de diferentes tama\u00f1os.\u00c2\u00a0Con una capa pegajosa.\u00c2\u00a0Para cobertura<\/p>\n","protected":false},"featured_media":1792,"comment_status":"open","ping_status":"closed","template":"","meta":[],"product_brand":[208],"product_cat":[123,139,176],"product_tag":[],"class_list":{"0":"post-1791","1":"product","2":"type-product","3":"status-publish","4":"has-post-thumbnail","6":"product_brand-nika-nagel","7":"product_cat-esmaltes","8":"product_cat-hexagon","9":"product_cat-ofertas","11":"first","12":"outofstock","13":"sale","14":"purchasable","15":"product-type-simple"},"_links":{"self":[{"href":"https:\/\/maabmakeup.com\/inicio-2\/wp-json\/wp\/v2\/product\/1791","targetHints":{"allow":["GET"]}}],"collection":[{"href":"https:\/\/maabmakeup.com\/inicio-2\/wp-json\/wp\/v2\/product"}],"about":[{"href":"https:\/\/maabmakeup.com\/inicio-2\/wp-json\/wp\/v2\/types\/product"}],"replies":[{"embeddable":true,"href":"https:\/\/maabmakeup.com\/inicio-2\/wp-json\/wp\/v2\/comments?post=1791"}],"wp:featuredmedia":[{"embeddable":true,"href":"https:\/\/maabmakeup.com\/inicio-2\/wp-json\/wp\/v2\/media\/1792"}],"wp:attachment":[{"href":"https:\/\/maabmakeup.com\/inicio-2\/wp-json\/wp\/v2\/media?parent=1791"}],"wp:term":[{"taxonomy":"product_brand","embeddable":true,"href":"https:\/\/maabmakeup.com\/inicio-2\/wp-json\/wp\/v2\/product_brand?post=1791"},{"taxonomy":"product_cat","embeddable":true,"href":"https:\/\/maabmakeup.com\/inicio-2\/wp-json\/wp\/v2\/product_cat?post=1791"},{"taxonomy":"product_tag","embeddable":true,"href":"https:\/\/maabmakeup.com\/inicio-2\/wp-json\/wp\/v2\/product_tag?post=1791"}],"curies":[{"name":"wp","href":"https:\/\/api.w.org\/{rel}","templated":true}]}}