{"id":1928,"date":"2022-11-24T12:18:14","date_gmt":"2022-11-24T11:18:14","guid":{"rendered":"https:\/\/maabmakeup.es\/?post_type=product&#038;p=1928"},"modified":"2026-02-04T10:21:30","modified_gmt":"2026-02-04T09:21:30","slug":"acrilico-cover-pink-40gr","status":"publish","type":"product","link":"https:\/\/maabmakeup.com\/inicio-2\/tienda\/constructores\/acrilico-constructores\/acrilico-cover-pink-40gr\/","title":{"rendered":"ACR\u00cdLICO COVER PINK 40GR"},"content":{"rendered":"<p>Pol\u00edmero de r\u00e1pida fijaci\u00f3n, no se expande sobre la cut\u00edcula y de f\u00e1cil moldeado.<\/p>\n","protected":false},"excerpt":{"rendered":"<p>Pol\u00edmero de r\u00e1pida fijaci\u00f3n, no se expande sobre la cut\u00edcula y de f\u00e1cil moldeado.<\/p>\n","protected":false},"featured_media":1930,"comment_status":"open","ping_status":"closed","template":"","meta":[],"product_brand":[186],"product_cat":[227,226],"product_tag":[],"class_list":{"0":"post-1928","1":"product","2":"type-product","3":"status-publish","4":"has-post-thumbnail","6":"product_brand-illusion-beauty","7":"product_cat-acrilico-constructores","8":"product_cat-constructores","10":"first","11":"outofstock","12":"purchasable","13":"product-type-simple"},"_links":{"self":[{"href":"https:\/\/maabmakeup.com\/inicio-2\/wp-json\/wp\/v2\/product\/1928","targetHints":{"allow":["GET"]}}],"collection":[{"href":"https:\/\/maabmakeup.com\/inicio-2\/wp-json\/wp\/v2\/product"}],"about":[{"href":"https:\/\/maabmakeup.com\/inicio-2\/wp-json\/wp\/v2\/types\/product"}],"replies":[{"embeddable":true,"href":"https:\/\/maabmakeup.com\/inicio-2\/wp-json\/wp\/v2\/comments?post=1928"}],"wp:featuredmedia":[{"embeddable":true,"href":"https:\/\/maabmakeup.com\/inicio-2\/wp-json\/wp\/v2\/media\/1930"}],"wp:attachment":[{"href":"https:\/\/maabmakeup.com\/inicio-2\/wp-json\/wp\/v2\/media?parent=1928"}],"wp:term":[{"taxonomy":"product_brand","embeddable":true,"href":"https:\/\/maabmakeup.com\/inicio-2\/wp-json\/wp\/v2\/product_brand?post=1928"},{"taxonomy":"product_cat","embeddable":true,"href":"https:\/\/maabmakeup.com\/inicio-2\/wp-json\/wp\/v2\/product_cat?post=1928"},{"taxonomy":"product_tag","embeddable":true,"href":"https:\/\/maabmakeup.com\/inicio-2\/wp-json\/wp\/v2\/product_tag?post=1928"}],"curies":[{"name":"wp","href":"https:\/\/api.w.org\/{rel}","templated":true}]}}