{"id":1954,"date":"2022-11-29T12:29:03","date_gmt":"2022-11-29T12:29:03","guid":{"rendered":"https:\/\/maabmakeup.es\/?post_type=product&#038;p=1954"},"modified":"2025-07-13T14:12:47","modified_gmt":"2025-07-13T12:12:47","slug":"diamante-picado-no6-10ml","status":"publish","type":"product","link":"https:\/\/maabmakeup.com\/inicio-2\/tienda\/esmaltes\/diamante-picado\/diamante-picado-no6-10ml\/","title":{"rendered":"DIAMANTE PICADO N\u00ba6-10ML"},"content":{"rendered":"<p>Esmalte semipermanente con efecto diamante megabrillo, contiene finos y grandes glitters. Se puede utilizar en decoraci\u00f3n. Contiene capa pegajosa. Aseg\u00farate de usar una imprimaci\u00f3n.<\/p>\n","protected":false},"excerpt":{"rendered":"<p>Esmalte semipermanente con efecto diamante megabrillo, contiene finos y grandes glitters. Se puede utilizar en decoraci\u00f3n. Contiene capa pegajosa. Aseg\u00farate<\/p>\n","protected":false},"featured_media":1955,"comment_status":"open","ping_status":"closed","template":"","meta":[],"product_brand":[208],"product_cat":[51,123,176],"product_tag":[],"class_list":{"0":"post-1954","1":"product","2":"type-product","3":"status-publish","4":"has-post-thumbnail","6":"product_brand-nika-nagel","7":"product_cat-diamante-picado","8":"product_cat-esmaltes","9":"product_cat-ofertas","11":"first","12":"instock","13":"sale","14":"purchasable","15":"product-type-simple"},"_links":{"self":[{"href":"https:\/\/maabmakeup.com\/inicio-2\/wp-json\/wp\/v2\/product\/1954","targetHints":{"allow":["GET"]}}],"collection":[{"href":"https:\/\/maabmakeup.com\/inicio-2\/wp-json\/wp\/v2\/product"}],"about":[{"href":"https:\/\/maabmakeup.com\/inicio-2\/wp-json\/wp\/v2\/types\/product"}],"replies":[{"embeddable":true,"href":"https:\/\/maabmakeup.com\/inicio-2\/wp-json\/wp\/v2\/comments?post=1954"}],"wp:featuredmedia":[{"embeddable":true,"href":"https:\/\/maabmakeup.com\/inicio-2\/wp-json\/wp\/v2\/media\/1955"}],"wp:attachment":[{"href":"https:\/\/maabmakeup.com\/inicio-2\/wp-json\/wp\/v2\/media?parent=1954"}],"wp:term":[{"taxonomy":"product_brand","embeddable":true,"href":"https:\/\/maabmakeup.com\/inicio-2\/wp-json\/wp\/v2\/product_brand?post=1954"},{"taxonomy":"product_cat","embeddable":true,"href":"https:\/\/maabmakeup.com\/inicio-2\/wp-json\/wp\/v2\/product_cat?post=1954"},{"taxonomy":"product_tag","embeddable":true,"href":"https:\/\/maabmakeup.com\/inicio-2\/wp-json\/wp\/v2\/product_tag?post=1954"}],"curies":[{"name":"wp","href":"https:\/\/api.w.org\/{rel}","templated":true}]}}