{"id":1983,"date":"2022-11-29T13:02:56","date_gmt":"2022-11-29T13:02:56","guid":{"rendered":"https:\/\/maabmakeup.es\/?post_type=product&#038;p=1983"},"modified":"2025-12-17T19:36:40","modified_gmt":"2025-12-17T18:36:40","slug":"mini-lampara-recargable-led-uv","status":"publish","type":"product","link":"https:\/\/maabmakeup.com\/inicio-2\/tienda\/accesorios\/herramientas\/mini-lampara-recargable-led-uv\/","title":{"rendered":"MINI L\u00c1MPARA RECARGABLE LED UV"},"content":{"rendered":"<p>Mini l\u00e1mpara led UV para el secado de los trabajos de manicura, tips, dise\u00f1o, pedrer\u00eda, decoraci\u00f3n&#8230;<\/p>\n<p>Recargable mediante cable micro-usb (incluido) con cualquier adaptador de tel\u00e9fono m\u00f3vil de 5 voltios (no incluido).<\/p>\n<p>Tiene dos potencias seg\u00fan pulses en bot\u00f3n de encendido.<\/p>\n","protected":false},"excerpt":{"rendered":"<p>Mini l\u00e1mpara led UV para el secado de los trabajos de manicura, tips, dise\u00f1o, pedrer\u00eda, decoraci\u00f3n&#8230; Recargable mediante cable micro-usb<\/p>\n","protected":false},"featured_media":5372,"comment_status":"open","ping_status":"closed","template":"","meta":[],"product_brand":[186],"product_cat":[107,169,247,151],"product_tag":[],"class_list":{"0":"post-1983","1":"product","2":"type-product","3":"status-publish","4":"has-post-thumbnail","6":"product_brand-illusion-beauty","7":"product_cat-accesorios","8":"product_cat-aparatologia-maquinaria","9":"product_cat-herramientas","10":"product_cat-lampara-led-uv","12":"first","13":"instock","14":"purchasable","15":"product-type-simple"},"_links":{"self":[{"href":"https:\/\/maabmakeup.com\/inicio-2\/wp-json\/wp\/v2\/product\/1983","targetHints":{"allow":["GET"]}}],"collection":[{"href":"https:\/\/maabmakeup.com\/inicio-2\/wp-json\/wp\/v2\/product"}],"about":[{"href":"https:\/\/maabmakeup.com\/inicio-2\/wp-json\/wp\/v2\/types\/product"}],"replies":[{"embeddable":true,"href":"https:\/\/maabmakeup.com\/inicio-2\/wp-json\/wp\/v2\/comments?post=1983"}],"wp:featuredmedia":[{"embeddable":true,"href":"https:\/\/maabmakeup.com\/inicio-2\/wp-json\/wp\/v2\/media\/5372"}],"wp:attachment":[{"href":"https:\/\/maabmakeup.com\/inicio-2\/wp-json\/wp\/v2\/media?parent=1983"}],"wp:term":[{"taxonomy":"product_brand","embeddable":true,"href":"https:\/\/maabmakeup.com\/inicio-2\/wp-json\/wp\/v2\/product_brand?post=1983"},{"taxonomy":"product_cat","embeddable":true,"href":"https:\/\/maabmakeup.com\/inicio-2\/wp-json\/wp\/v2\/product_cat?post=1983"},{"taxonomy":"product_tag","embeddable":true,"href":"https:\/\/maabmakeup.com\/inicio-2\/wp-json\/wp\/v2\/product_tag?post=1983"}],"curies":[{"name":"wp","href":"https:\/\/api.w.org\/{rel}","templated":true}]}}