{"id":2050,"date":"2022-12-22T18:32:11","date_gmt":"2022-12-22T18:32:11","guid":{"rendered":"https:\/\/maabmakeup.es\/?post_type=product&#038;p=2050"},"modified":"2025-07-16T19:18:41","modified_gmt":"2025-07-16T17:18:41","slug":"cosmo-star-no1-10ml","status":"publish","type":"product","link":"https:\/\/maabmakeup.com\/inicio-2\/tienda\/esmaltes\/cosmo-star\/cosmo-star-no1-10ml\/","title":{"rendered":"Cosmo star n\u00ba1-10ml"},"content":{"rendered":"<p>Los gel lack\u00c2\u00a0Cosmo Star son una dispersi\u00f3n de cristales preciosos en las u\u00f1as, la colecci\u00f3n Cosmo Star\u00c2\u00a0con destellos brillantes\u00c2\u00a0sobre una base transparente har\u00e1n de cada manicura una verdadera obra de arte.\u00c2\u00a0La brillante cubierta decorativa\u00c2\u00a0no pasara desapercibida de tu atenci\u00f3n\u00c2\u00a0y de la de los dem\u00e1s.<\/p>\n","protected":false},"excerpt":{"rendered":"<p>Los gel lack\u00c2\u00a0Cosmo Star son una dispersi\u00f3n de cristales preciosos en las u\u00f1as, la colecci\u00f3n Cosmo Star\u00c2\u00a0con destellos brillantes\u00c2\u00a0sobre una<\/p>\n","protected":false},"featured_media":2051,"comment_status":"open","ping_status":"closed","template":"","meta":[],"product_brand":[208],"product_cat":[153,123,176],"product_tag":[],"class_list":{"0":"post-2050","1":"product","2":"type-product","3":"status-publish","4":"has-post-thumbnail","6":"product_brand-nika-nagel","7":"product_cat-cosmo-star","8":"product_cat-esmaltes","9":"product_cat-ofertas","11":"first","12":"instock","13":"sale","14":"purchasable","15":"product-type-simple"},"_links":{"self":[{"href":"https:\/\/maabmakeup.com\/inicio-2\/wp-json\/wp\/v2\/product\/2050","targetHints":{"allow":["GET"]}}],"collection":[{"href":"https:\/\/maabmakeup.com\/inicio-2\/wp-json\/wp\/v2\/product"}],"about":[{"href":"https:\/\/maabmakeup.com\/inicio-2\/wp-json\/wp\/v2\/types\/product"}],"replies":[{"embeddable":true,"href":"https:\/\/maabmakeup.com\/inicio-2\/wp-json\/wp\/v2\/comments?post=2050"}],"wp:featuredmedia":[{"embeddable":true,"href":"https:\/\/maabmakeup.com\/inicio-2\/wp-json\/wp\/v2\/media\/2051"}],"wp:attachment":[{"href":"https:\/\/maabmakeup.com\/inicio-2\/wp-json\/wp\/v2\/media?parent=2050"}],"wp:term":[{"taxonomy":"product_brand","embeddable":true,"href":"https:\/\/maabmakeup.com\/inicio-2\/wp-json\/wp\/v2\/product_brand?post=2050"},{"taxonomy":"product_cat","embeddable":true,"href":"https:\/\/maabmakeup.com\/inicio-2\/wp-json\/wp\/v2\/product_cat?post=2050"},{"taxonomy":"product_tag","embeddable":true,"href":"https:\/\/maabmakeup.com\/inicio-2\/wp-json\/wp\/v2\/product_tag?post=2050"}],"curies":[{"name":"wp","href":"https:\/\/api.w.org\/{rel}","templated":true}]}}