{"id":2305,"date":"2023-03-07T14:06:07","date_gmt":"2023-03-07T13:06:07","guid":{"rendered":"https:\/\/maabmakeup.es\/?post_type=product&#038;p=2305"},"modified":"2025-07-17T16:09:55","modified_gmt":"2025-07-17T14:09:55","slug":"gel-camuflaje-pink-ib-nails-30ml","status":"publish","type":"product","link":"https:\/\/maabmakeup.com\/inicio-2\/tienda\/constructores\/gel-builder\/gel-camuflaje-pink-ib-nails-30ml\/","title":{"rendered":"Gel Camuflaje Pink IB Nails &#8211; 30ml"},"content":{"rendered":"<p>Gel constructor rosa, densidad media, antial\u00e9rgico. Autonivelante. Gel de limado f\u00e1cil, y permite trabajar r\u00e1pido y confortable.<\/p>\n","protected":false},"excerpt":{"rendered":"<p>Gel constructor rosa, densidad media, antial\u00e9rgico. Autonivelante. Gel de limado f\u00e1cil, y permite trabajar r\u00e1pido y confortable.<\/p>\n","protected":false},"featured_media":2306,"comment_status":"open","ping_status":"closed","template":"","meta":[],"product_brand":[186],"product_cat":[226,233],"product_tag":[],"class_list":{"0":"post-2305","1":"product","2":"type-product","3":"status-publish","4":"has-post-thumbnail","6":"product_brand-illusion-beauty","7":"product_cat-constructores","8":"product_cat-gel-builder","10":"first","11":"outofstock","12":"purchasable","13":"product-type-simple"},"_links":{"self":[{"href":"https:\/\/maabmakeup.com\/inicio-2\/wp-json\/wp\/v2\/product\/2305","targetHints":{"allow":["GET"]}}],"collection":[{"href":"https:\/\/maabmakeup.com\/inicio-2\/wp-json\/wp\/v2\/product"}],"about":[{"href":"https:\/\/maabmakeup.com\/inicio-2\/wp-json\/wp\/v2\/types\/product"}],"replies":[{"embeddable":true,"href":"https:\/\/maabmakeup.com\/inicio-2\/wp-json\/wp\/v2\/comments?post=2305"}],"wp:featuredmedia":[{"embeddable":true,"href":"https:\/\/maabmakeup.com\/inicio-2\/wp-json\/wp\/v2\/media\/2306"}],"wp:attachment":[{"href":"https:\/\/maabmakeup.com\/inicio-2\/wp-json\/wp\/v2\/media?parent=2305"}],"wp:term":[{"taxonomy":"product_brand","embeddable":true,"href":"https:\/\/maabmakeup.com\/inicio-2\/wp-json\/wp\/v2\/product_brand?post=2305"},{"taxonomy":"product_cat","embeddable":true,"href":"https:\/\/maabmakeup.com\/inicio-2\/wp-json\/wp\/v2\/product_cat?post=2305"},{"taxonomy":"product_tag","embeddable":true,"href":"https:\/\/maabmakeup.com\/inicio-2\/wp-json\/wp\/v2\/product_tag?post=2305"}],"curies":[{"name":"wp","href":"https:\/\/api.w.org\/{rel}","templated":true}]}}