{"id":2318,"date":"2023-03-17T18:44:51","date_gmt":"2023-03-17T17:44:51","guid":{"rendered":"https:\/\/maabmakeup.es\/?post_type=product&#038;p=2318"},"modified":"2026-02-04T10:48:25","modified_gmt":"2026-02-04T09:48:25","slug":"gel-universell-30gr","status":"publish","type":"product","link":"https:\/\/maabmakeup.com\/inicio-2\/tienda\/constructores\/gel-builder\/gel-universell-30gr\/","title":{"rendered":"Gel Universell &#8211; 30gr"},"content":{"rendered":"<p>Gel constructor transparente, densidad alta, antialergico. Gracias a su buena adherencia con la u\u00f1a natural es posible esculpir u\u00f1as de acabados largos y extremos. F\u00e1cil de trabajar, no se expande y es autonivelante. Se puede utilizar tanto con tips como con molde. Gel de limado f\u00e1cil, y permite trabajar r\u00e1pido y confortable.\u00c2\u00a0Gel de resistencia igual al acr\u00edlico.<\/p>\n","protected":false},"excerpt":{"rendered":"<p>Gel constructor transparente, densidad alta, antialergico. Gracias a su buena adherencia con la u\u00f1a natural es posible esculpir u\u00f1as de<\/p>\n","protected":false},"featured_media":2319,"comment_status":"open","ping_status":"closed","template":"","meta":[],"product_brand":[208],"product_cat":[226,233],"product_tag":[],"class_list":{"0":"post-2318","1":"product","2":"type-product","3":"status-publish","4":"has-post-thumbnail","6":"product_brand-nika-nagel","7":"product_cat-constructores","8":"product_cat-gel-builder","10":"first","11":"instock","12":"purchasable","13":"product-type-simple"},"_links":{"self":[{"href":"https:\/\/maabmakeup.com\/inicio-2\/wp-json\/wp\/v2\/product\/2318","targetHints":{"allow":["GET"]}}],"collection":[{"href":"https:\/\/maabmakeup.com\/inicio-2\/wp-json\/wp\/v2\/product"}],"about":[{"href":"https:\/\/maabmakeup.com\/inicio-2\/wp-json\/wp\/v2\/types\/product"}],"replies":[{"embeddable":true,"href":"https:\/\/maabmakeup.com\/inicio-2\/wp-json\/wp\/v2\/comments?post=2318"}],"wp:featuredmedia":[{"embeddable":true,"href":"https:\/\/maabmakeup.com\/inicio-2\/wp-json\/wp\/v2\/media\/2319"}],"wp:attachment":[{"href":"https:\/\/maabmakeup.com\/inicio-2\/wp-json\/wp\/v2\/media?parent=2318"}],"wp:term":[{"taxonomy":"product_brand","embeddable":true,"href":"https:\/\/maabmakeup.com\/inicio-2\/wp-json\/wp\/v2\/product_brand?post=2318"},{"taxonomy":"product_cat","embeddable":true,"href":"https:\/\/maabmakeup.com\/inicio-2\/wp-json\/wp\/v2\/product_cat?post=2318"},{"taxonomy":"product_tag","embeddable":true,"href":"https:\/\/maabmakeup.com\/inicio-2\/wp-json\/wp\/v2\/product_tag?post=2318"}],"curies":[{"name":"wp","href":"https:\/\/api.w.org\/{rel}","templated":true}]}}