{"id":2398,"date":"2023-03-30T19:21:39","date_gmt":"2023-03-30T17:21:39","guid":{"rendered":"https:\/\/maabmakeup.es\/?post_type=product&#038;p=2398"},"modified":"2025-07-17T16:19:15","modified_gmt":"2025-07-17T14:19:15","slug":"queem-38-7ml","status":"publish","type":"product","link":"https:\/\/maabmakeup.com\/inicio-2\/tienda\/esmaltes\/queen\/queem-38-7ml\/","title":{"rendered":"Queem 38 -7ml"},"content":{"rendered":"<p>Gel lack semipermanente de nueva generaci\u00f3n, de f\u00e1cil aplicaci\u00f3n y gran cobertura.<\/p>\n<p>Liquido.<\/p>\n<div class=\"propertyTable\">\n<div class=\"propertyName\">Con una capa pegajosa.<\/div>\n<\/div>\n<div class=\"propertyTable\">\n<div class=\"propertyName\"><\/div>\n<div class=\"propertyValue\">Para cobertura completa y\u00c2\u00a0para dise\u00f1o.<\/div>\n<\/div>\n<div class=\"propertyTable\">\n<div class=\"propertyName\"><\/div>\n<div class=\"propertyName\">Aseg\u00farate de usar una imprimaci\u00f3n.<\/div>\n<\/div>\n","protected":false},"excerpt":{"rendered":"<p>Gel lack semipermanente de nueva generaci\u00f3n, de f\u00e1cil aplicaci\u00f3n y gran cobertura. Liquido. Con una capa pegajosa. Para cobertura completa<\/p>\n","protected":false},"featured_media":2399,"comment_status":"open","ping_status":"closed","template":"","meta":[],"product_brand":[208],"product_cat":[123,176,78],"product_tag":[],"class_list":{"0":"post-2398","1":"product","2":"type-product","3":"status-publish","4":"has-post-thumbnail","6":"product_brand-nika-nagel","7":"product_cat-esmaltes","8":"product_cat-ofertas","9":"product_cat-queen","11":"first","12":"instock","13":"sale","14":"purchasable","15":"product-type-simple"},"_links":{"self":[{"href":"https:\/\/maabmakeup.com\/inicio-2\/wp-json\/wp\/v2\/product\/2398","targetHints":{"allow":["GET"]}}],"collection":[{"href":"https:\/\/maabmakeup.com\/inicio-2\/wp-json\/wp\/v2\/product"}],"about":[{"href":"https:\/\/maabmakeup.com\/inicio-2\/wp-json\/wp\/v2\/types\/product"}],"replies":[{"embeddable":true,"href":"https:\/\/maabmakeup.com\/inicio-2\/wp-json\/wp\/v2\/comments?post=2398"}],"wp:featuredmedia":[{"embeddable":true,"href":"https:\/\/maabmakeup.com\/inicio-2\/wp-json\/wp\/v2\/media\/2399"}],"wp:attachment":[{"href":"https:\/\/maabmakeup.com\/inicio-2\/wp-json\/wp\/v2\/media?parent=2398"}],"wp:term":[{"taxonomy":"product_brand","embeddable":true,"href":"https:\/\/maabmakeup.com\/inicio-2\/wp-json\/wp\/v2\/product_brand?post=2398"},{"taxonomy":"product_cat","embeddable":true,"href":"https:\/\/maabmakeup.com\/inicio-2\/wp-json\/wp\/v2\/product_cat?post=2398"},{"taxonomy":"product_tag","embeddable":true,"href":"https:\/\/maabmakeup.com\/inicio-2\/wp-json\/wp\/v2\/product_tag?post=2398"}],"curies":[{"name":"wp","href":"https:\/\/api.w.org\/{rel}","templated":true}]}}