{"id":2528,"date":"2023-04-29T13:41:04","date_gmt":"2023-04-29T11:41:04","guid":{"rendered":"https:\/\/maabmakeup.es\/?post_type=product&#038;p=2528"},"modified":"2025-07-18T17:26:53","modified_gmt":"2025-07-18T15:26:53","slug":"marklux-no62-12ml","status":"publish","type":"product","link":"https:\/\/maabmakeup.com\/inicio-2\/tienda\/esmaltes\/marklux\/marklux-no62-12ml\/","title":{"rendered":"MarkLux n\u00ba62 &#8211; 12ml"},"content":{"rendered":"<p>Nueva colecci\u00f3n Premium Gel Polish.<\/p>\n<p>Aplicaci\u00f3n en una sola capa.<\/p>\n<p>Contiene capa adhesiva.<\/p>\n<p>Secado en l\u00e1mpara LED 30 segundos.<\/p>\n","protected":false},"excerpt":{"rendered":"<p>Nueva colecci\u00f3n Premium Gel Polish. Aplicaci\u00f3n en una sola capa. Contiene capa adhesiva. Secado en l\u00e1mpara LED 30 segundos.<\/p>\n","protected":false},"featured_media":2529,"comment_status":"open","ping_status":"closed","template":"","meta":[],"product_brand":[208],"product_cat":[123,63,176],"product_tag":[],"class_list":{"0":"post-2528","1":"product","2":"type-product","3":"status-publish","4":"has-post-thumbnail","6":"product_brand-nika-nagel","7":"product_cat-esmaltes","8":"product_cat-marklux","9":"product_cat-ofertas","11":"first","12":"instock","13":"sale","14":"purchasable","15":"product-type-simple"},"_links":{"self":[{"href":"https:\/\/maabmakeup.com\/inicio-2\/wp-json\/wp\/v2\/product\/2528","targetHints":{"allow":["GET"]}}],"collection":[{"href":"https:\/\/maabmakeup.com\/inicio-2\/wp-json\/wp\/v2\/product"}],"about":[{"href":"https:\/\/maabmakeup.com\/inicio-2\/wp-json\/wp\/v2\/types\/product"}],"replies":[{"embeddable":true,"href":"https:\/\/maabmakeup.com\/inicio-2\/wp-json\/wp\/v2\/comments?post=2528"}],"wp:featuredmedia":[{"embeddable":true,"href":"https:\/\/maabmakeup.com\/inicio-2\/wp-json\/wp\/v2\/media\/2529"}],"wp:attachment":[{"href":"https:\/\/maabmakeup.com\/inicio-2\/wp-json\/wp\/v2\/media?parent=2528"}],"wp:term":[{"taxonomy":"product_brand","embeddable":true,"href":"https:\/\/maabmakeup.com\/inicio-2\/wp-json\/wp\/v2\/product_brand?post=2528"},{"taxonomy":"product_cat","embeddable":true,"href":"https:\/\/maabmakeup.com\/inicio-2\/wp-json\/wp\/v2\/product_cat?post=2528"},{"taxonomy":"product_tag","embeddable":true,"href":"https:\/\/maabmakeup.com\/inicio-2\/wp-json\/wp\/v2\/product_tag?post=2528"}],"curies":[{"name":"wp","href":"https:\/\/api.w.org\/{rel}","templated":true}]}}