{"id":2534,"date":"2023-04-29T13:45:12","date_gmt":"2023-04-29T11:45:12","guid":{"rendered":"https:\/\/maabmakeup.es\/?post_type=product&#038;p=2534"},"modified":"2025-07-18T17:27:41","modified_gmt":"2025-07-18T15:27:41","slug":"marklux-no91-12ml","status":"publish","type":"product","link":"https:\/\/maabmakeup.com\/inicio-2\/tienda\/esmaltes\/marklux\/marklux-no91-12ml\/","title":{"rendered":"MarkLux n\u00ba91 &#8211; 12ml"},"content":{"rendered":"<p>Nueva colecci\u00f3n Premium Gel Polish.<\/p>\n<p>Aplicaci\u00f3n en una sola capa.<\/p>\n<p>Contiene capa adhesiva.<\/p>\n<p>Secado en l\u00e1mpara LED 30 segundos.<\/p>\n","protected":false},"excerpt":{"rendered":"<p>Nueva colecci\u00f3n Premium Gel Polish. Aplicaci\u00f3n en una sola capa. Contiene capa adhesiva. Secado en l\u00e1mpara LED 30 segundos.<\/p>\n","protected":false},"featured_media":2535,"comment_status":"open","ping_status":"closed","template":"","meta":[],"product_brand":[208],"product_cat":[123,63,176],"product_tag":[],"class_list":{"0":"post-2534","1":"product","2":"type-product","3":"status-publish","4":"has-post-thumbnail","6":"product_brand-nika-nagel","7":"product_cat-esmaltes","8":"product_cat-marklux","9":"product_cat-ofertas","11":"first","12":"instock","13":"sale","14":"purchasable","15":"product-type-simple"},"_links":{"self":[{"href":"https:\/\/maabmakeup.com\/inicio-2\/wp-json\/wp\/v2\/product\/2534","targetHints":{"allow":["GET"]}}],"collection":[{"href":"https:\/\/maabmakeup.com\/inicio-2\/wp-json\/wp\/v2\/product"}],"about":[{"href":"https:\/\/maabmakeup.com\/inicio-2\/wp-json\/wp\/v2\/types\/product"}],"replies":[{"embeddable":true,"href":"https:\/\/maabmakeup.com\/inicio-2\/wp-json\/wp\/v2\/comments?post=2534"}],"wp:featuredmedia":[{"embeddable":true,"href":"https:\/\/maabmakeup.com\/inicio-2\/wp-json\/wp\/v2\/media\/2535"}],"wp:attachment":[{"href":"https:\/\/maabmakeup.com\/inicio-2\/wp-json\/wp\/v2\/media?parent=2534"}],"wp:term":[{"taxonomy":"product_brand","embeddable":true,"href":"https:\/\/maabmakeup.com\/inicio-2\/wp-json\/wp\/v2\/product_brand?post=2534"},{"taxonomy":"product_cat","embeddable":true,"href":"https:\/\/maabmakeup.com\/inicio-2\/wp-json\/wp\/v2\/product_cat?post=2534"},{"taxonomy":"product_tag","embeddable":true,"href":"https:\/\/maabmakeup.com\/inicio-2\/wp-json\/wp\/v2\/product_tag?post=2534"}],"curies":[{"name":"wp","href":"https:\/\/api.w.org\/{rel}","templated":true}]}}