{"id":2602,"date":"2023-05-23T18:10:59","date_gmt":"2023-05-23T16:10:59","guid":{"rendered":"https:\/\/maabmakeup.es\/?post_type=product&#038;p=2602"},"modified":"2025-07-18T17:36:34","modified_gmt":"2025-07-18T15:36:34","slug":"hd-yukki-2-5ml","status":"publish","type":"product","link":"https:\/\/maabmakeup.com\/inicio-2\/tienda\/decoracion\/yukki\/hd-yukki-2-5ml\/","title":{"rendered":"HD Yukki 2 &#8211; 5ml"},"content":{"rendered":"<p>Los geles \u00abHD Yukki\u00bb crean un impresionante efecto parpadeante y atraen la atenci\u00f3n de otros.\u00c2\u00a0Un placer de brillo, iridiscente con colores asombrosos, crea una cubierta c\u00f3smica que encanta y fascina.\u00c2\u00a0A pesar de su translucidez, el gel HD Yukki\u00c2\u00a0tiene una textura densa, ideal para\u00c2\u00a0dise\u00f1o y autonivelante sin ning\u00fan problema.\u00c2\u00a0Para lograr la cobertura m\u00e1s densa, puede usar el gel \u00abHD Yukki\u00bb con tonos oscuros de\u00c2\u00a0gel lack.<\/p>\n","protected":false},"excerpt":{"rendered":"<p>Los geles \u00abHD Yukki\u00bb crean un impresionante efecto parpadeante y atraen la atenci\u00f3n de otros.\u00c2\u00a0Un placer de brillo, iridiscente con<\/p>\n","protected":false},"featured_media":2606,"comment_status":"open","ping_status":"closed","template":"","meta":[],"product_brand":[208],"product_cat":[84,176,164],"product_tag":[],"class_list":{"0":"post-2602","1":"product","2":"type-product","3":"status-publish","4":"has-post-thumbnail","6":"product_brand-nika-nagel","7":"product_cat-decoracion","8":"product_cat-ofertas","9":"product_cat-yukki","11":"first","12":"instock","13":"sale","14":"purchasable","15":"product-type-simple"},"_links":{"self":[{"href":"https:\/\/maabmakeup.com\/inicio-2\/wp-json\/wp\/v2\/product\/2602","targetHints":{"allow":["GET"]}}],"collection":[{"href":"https:\/\/maabmakeup.com\/inicio-2\/wp-json\/wp\/v2\/product"}],"about":[{"href":"https:\/\/maabmakeup.com\/inicio-2\/wp-json\/wp\/v2\/types\/product"}],"replies":[{"embeddable":true,"href":"https:\/\/maabmakeup.com\/inicio-2\/wp-json\/wp\/v2\/comments?post=2602"}],"wp:featuredmedia":[{"embeddable":true,"href":"https:\/\/maabmakeup.com\/inicio-2\/wp-json\/wp\/v2\/media\/2606"}],"wp:attachment":[{"href":"https:\/\/maabmakeup.com\/inicio-2\/wp-json\/wp\/v2\/media?parent=2602"}],"wp:term":[{"taxonomy":"product_brand","embeddable":true,"href":"https:\/\/maabmakeup.com\/inicio-2\/wp-json\/wp\/v2\/product_brand?post=2602"},{"taxonomy":"product_cat","embeddable":true,"href":"https:\/\/maabmakeup.com\/inicio-2\/wp-json\/wp\/v2\/product_cat?post=2602"},{"taxonomy":"product_tag","embeddable":true,"href":"https:\/\/maabmakeup.com\/inicio-2\/wp-json\/wp\/v2\/product_tag?post=2602"}],"curies":[{"name":"wp","href":"https:\/\/api.w.org\/{rel}","templated":true}]}}