{"id":2607,"date":"2023-05-23T18:31:01","date_gmt":"2023-05-23T16:31:01","guid":{"rendered":"https:\/\/maabmakeup.es\/?post_type=product&#038;p=2607"},"modified":"2025-07-18T17:37:15","modified_gmt":"2025-07-18T15:37:15","slug":"marklux-spectrum-no1-12ml","status":"publish","type":"product","link":"https:\/\/maabmakeup.com\/inicio-2\/tienda\/esmaltes\/marklux\/marklux-spectrum-no1-12ml\/","title":{"rendered":"MarkLux Spectrum n\u00ba1 &#8211; 12ml"},"content":{"rendered":"<p>Un estilo! Una marca! Un ideal! \u00abMark Lux\u00bb.<\/p>\n<p>Los beneficios de MarkLux ;<br \/>\nF\u00f3rmula perfecta lista para aplicar en una sola capa (aunque si est\u00e1s acostumbrada a trabajar en dos capas no es ning\u00fan problema, ya que las u\u00f1as no ver\u00e1n aumentado su grosor). Incluso los tonos m\u00e1s suaves no se transparentaran!<\/p>\n<p>Botellita de dise\u00f1o elegante, al extraer tap\u00f3n cuadrado descubrir\u00e1s un tap\u00f3n redondo y c\u00f3modo que mantendr\u00e1 su apariencia y no ensuciaras la botella, que al desenroscarlo descubrir\u00e1s un pincel aplicador de f\u00e1cil y gran comodidad para tu mano al aplicar el producto!<\/p>\n<p>La estructura oval interior del vial te permite usar el gel Polish literalmente \u00abhasta la \u00faltima gota\u00bb!<\/p>\n<p>sEstructura \u00fanica de pincel que te permite acceder y aplicar perfectamente bajo la cut\u00edcula!.<\/p>\n","protected":false},"excerpt":{"rendered":"<p>Un estilo! Una marca! Un ideal! \u00abMark Lux\u00bb. Los beneficios de MarkLux ; F\u00f3rmula perfecta lista para aplicar en una<\/p>\n","protected":false},"featured_media":2608,"comment_status":"open","ping_status":"closed","template":"","meta":[],"product_brand":[208],"product_cat":[123,63,176],"product_tag":[],"class_list":{"0":"post-2607","1":"product","2":"type-product","3":"status-publish","4":"has-post-thumbnail","6":"product_brand-nika-nagel","7":"product_cat-esmaltes","8":"product_cat-marklux","9":"product_cat-ofertas","11":"first","12":"instock","13":"sale","14":"purchasable","15":"product-type-simple"},"_links":{"self":[{"href":"https:\/\/maabmakeup.com\/inicio-2\/wp-json\/wp\/v2\/product\/2607","targetHints":{"allow":["GET"]}}],"collection":[{"href":"https:\/\/maabmakeup.com\/inicio-2\/wp-json\/wp\/v2\/product"}],"about":[{"href":"https:\/\/maabmakeup.com\/inicio-2\/wp-json\/wp\/v2\/types\/product"}],"replies":[{"embeddable":true,"href":"https:\/\/maabmakeup.com\/inicio-2\/wp-json\/wp\/v2\/comments?post=2607"}],"wp:featuredmedia":[{"embeddable":true,"href":"https:\/\/maabmakeup.com\/inicio-2\/wp-json\/wp\/v2\/media\/2608"}],"wp:attachment":[{"href":"https:\/\/maabmakeup.com\/inicio-2\/wp-json\/wp\/v2\/media?parent=2607"}],"wp:term":[{"taxonomy":"product_brand","embeddable":true,"href":"https:\/\/maabmakeup.com\/inicio-2\/wp-json\/wp\/v2\/product_brand?post=2607"},{"taxonomy":"product_cat","embeddable":true,"href":"https:\/\/maabmakeup.com\/inicio-2\/wp-json\/wp\/v2\/product_cat?post=2607"},{"taxonomy":"product_tag","embeddable":true,"href":"https:\/\/maabmakeup.com\/inicio-2\/wp-json\/wp\/v2\/product_tag?post=2607"}],"curies":[{"name":"wp","href":"https:\/\/api.w.org\/{rel}","templated":true}]}}