{"id":2626,"date":"2023-06-05T17:41:15","date_gmt":"2023-06-05T15:41:15","guid":{"rendered":"https:\/\/maabmakeup.es\/?post_type=product&#038;p=2626"},"modified":"2026-02-03T17:42:59","modified_gmt":"2026-02-03T16:42:59","slug":"cleanser-profesional-polygel-ib-250ml","status":"publish","type":"product","link":"https:\/\/maabmakeup.com\/inicio-2\/tienda\/liquidos\/cleanser\/cleanser-profesional-polygel-ib-250ml\/","title":{"rendered":"Cleanser profesional PolyGel IB 250ml"},"content":{"rendered":"<p>Para\u00c2\u00a0trabajar con el PolyGel.<\/p>\n<p>Liquido limpiador de geles.\u00c2\u00a0Elimina toda la grasa de la superficie de la u\u00f1a natural, lo que mejora la adhesi\u00f3n del gel o acr\u00edlico, as\u00ed como la capa de dispersi\u00f3n restante despu\u00e9s del curado.<\/p>\n","protected":false},"excerpt":{"rendered":"<p>Para\u00c2\u00a0trabajar con el PolyGel. Liquido limpiador de geles.\u00c2\u00a0Elimina toda la grasa de la superficie de la u\u00f1a natural, lo que<\/p>\n","protected":false},"featured_media":2647,"comment_status":"open","ping_status":"closed","template":"","meta":[],"product_brand":[186],"product_cat":[50,128],"product_tag":[],"class_list":{"0":"post-2626","1":"product","2":"type-product","3":"status-publish","4":"has-post-thumbnail","6":"product_brand-illusion-beauty","7":"product_cat-cleanser","8":"product_cat-liquidos","10":"first","11":"outofstock","12":"purchasable","13":"product-type-simple"},"_links":{"self":[{"href":"https:\/\/maabmakeup.com\/inicio-2\/wp-json\/wp\/v2\/product\/2626","targetHints":{"allow":["GET"]}}],"collection":[{"href":"https:\/\/maabmakeup.com\/inicio-2\/wp-json\/wp\/v2\/product"}],"about":[{"href":"https:\/\/maabmakeup.com\/inicio-2\/wp-json\/wp\/v2\/types\/product"}],"replies":[{"embeddable":true,"href":"https:\/\/maabmakeup.com\/inicio-2\/wp-json\/wp\/v2\/comments?post=2626"}],"wp:featuredmedia":[{"embeddable":true,"href":"https:\/\/maabmakeup.com\/inicio-2\/wp-json\/wp\/v2\/media\/2647"}],"wp:attachment":[{"href":"https:\/\/maabmakeup.com\/inicio-2\/wp-json\/wp\/v2\/media?parent=2626"}],"wp:term":[{"taxonomy":"product_brand","embeddable":true,"href":"https:\/\/maabmakeup.com\/inicio-2\/wp-json\/wp\/v2\/product_brand?post=2626"},{"taxonomy":"product_cat","embeddable":true,"href":"https:\/\/maabmakeup.com\/inicio-2\/wp-json\/wp\/v2\/product_cat?post=2626"},{"taxonomy":"product_tag","embeddable":true,"href":"https:\/\/maabmakeup.com\/inicio-2\/wp-json\/wp\/v2\/product_tag?post=2626"}],"curies":[{"name":"wp","href":"https:\/\/api.w.org\/{rel}","templated":true}]}}