{"id":2628,"date":"2023-06-05T17:47:37","date_gmt":"2023-06-05T15:47:37","guid":{"rendered":"https:\/\/maabmakeup.es\/?post_type=product&#038;p=2628"},"modified":"2025-06-30T18:57:06","modified_gmt":"2025-06-30T16:57:06","slug":"acrilico-cover-pink-700gr-ib","status":"publish","type":"product","link":"https:\/\/maabmakeup.com\/inicio-2\/tienda\/constructores\/acrilico-constructores\/acrilico-cover-pink-700gr-ib\/","title":{"rendered":"Acr\u00edlico Cover Pink 700gr IB"},"content":{"rendered":"<p>El mejor polvo acr\u00edlico, muy f\u00e1cil de trabajar, colores muy naturales para dejarlos sin esmaltar.<\/p>\n<p>El color cover pink cubre perfectamente las u\u00f1as, muy recomendable para u\u00f1as mordidas, su cobertura es m\u00e1xima, queda un color camuflaje imitando una francesa.<\/p>\n<p>El color cover peach os lo aconsejo para clientas muy morenas, el color c\u00e1lido le queda mucho mejor.<\/p>\n<p>Acr\u00edlico de muy f\u00e1cil limado, resistente\u00c2\u00a0 a los golpes.<\/p>\n<p>MADE IN USA.<\/p>\n<p>Mi color preferido el milky para u\u00f1as tono lechoso, te dejo foto cuando seleccionas el color.<\/p>\n<p>Puedes hacer un encapsulado con el color clear, mezclando polvo unicornio y glitter flakes (dejo una foto en el color).<\/p>\n","protected":false},"excerpt":{"rendered":"<p>El mejor polvo acr\u00edlico, muy f\u00e1cil de trabajar, colores muy naturales para dejarlos sin esmaltar. El color cover pink cubre<\/p>\n","protected":false},"featured_media":2646,"comment_status":"open","ping_status":"closed","template":"","meta":[],"product_brand":[186],"product_cat":[227,226],"product_tag":[],"class_list":{"0":"post-2628","1":"product","2":"type-product","3":"status-publish","4":"has-post-thumbnail","6":"product_brand-illusion-beauty","7":"product_cat-acrilico-constructores","8":"product_cat-constructores","10":"first","11":"outofstock","12":"purchasable","13":"product-type-simple"},"_links":{"self":[{"href":"https:\/\/maabmakeup.com\/inicio-2\/wp-json\/wp\/v2\/product\/2628","targetHints":{"allow":["GET"]}}],"collection":[{"href":"https:\/\/maabmakeup.com\/inicio-2\/wp-json\/wp\/v2\/product"}],"about":[{"href":"https:\/\/maabmakeup.com\/inicio-2\/wp-json\/wp\/v2\/types\/product"}],"replies":[{"embeddable":true,"href":"https:\/\/maabmakeup.com\/inicio-2\/wp-json\/wp\/v2\/comments?post=2628"}],"wp:featuredmedia":[{"embeddable":true,"href":"https:\/\/maabmakeup.com\/inicio-2\/wp-json\/wp\/v2\/media\/2646"}],"wp:attachment":[{"href":"https:\/\/maabmakeup.com\/inicio-2\/wp-json\/wp\/v2\/media?parent=2628"}],"wp:term":[{"taxonomy":"product_brand","embeddable":true,"href":"https:\/\/maabmakeup.com\/inicio-2\/wp-json\/wp\/v2\/product_brand?post=2628"},{"taxonomy":"product_cat","embeddable":true,"href":"https:\/\/maabmakeup.com\/inicio-2\/wp-json\/wp\/v2\/product_cat?post=2628"},{"taxonomy":"product_tag","embeddable":true,"href":"https:\/\/maabmakeup.com\/inicio-2\/wp-json\/wp\/v2\/product_tag?post=2628"}],"curies":[{"name":"wp","href":"https:\/\/api.w.org\/{rel}","templated":true}]}}