{"id":2634,"date":"2023-06-05T18:39:53","date_gmt":"2023-06-05T16:39:53","guid":{"rendered":"https:\/\/maabmakeup.es\/?post_type=product&#038;p=2634"},"modified":"2025-11-24T16:23:37","modified_gmt":"2025-11-24T15:23:37","slug":"antifungico-ib-15-ml","status":"publish","type":"product","link":"https:\/\/maabmakeup.com\/inicio-2\/tienda\/cuidado-de-las-unas\/antifungico\/antifungico-ib-15-ml\/","title":{"rendered":"Antifungico IB &#8211; 15 ml"},"content":{"rendered":"<p>Este producto tiene como objetivo detener la reproducci\u00f3n de la microflora de la c\u00e9lula f\u00fangica.<\/p>\n<p>Reduce el riesgo de infecci\u00f3n y la previene.\u00c2\u00a0Se usa para prevenir infecciones por hongos.<\/p>\n<p>Mantener lejos de dispositivos de calefacci\u00f3n, fuego y luz solar directa.<\/p>\n<p>Contiene capa de dispersi\u00f3n.<\/p>\n<p>Consistencia l\u00edquida, 15ml.<\/p>\n<p>Modo de empleo: Agitar el producto antes de usar, aplicar sobre las u\u00f1as y alrededor de la piel.\u00c2\u00a0Dejar secar completamente.\u00c2\u00a0Usar dos veces al d\u00eda (ma\u00f1ana y noche). Recomendado para usar cuando se visita lugares p\u00fablicos con mucha humedad (saunas, piscinas, duchas de gimnasio)<\/p>\n","protected":false},"excerpt":{"rendered":"<p>Este producto tiene como objetivo detener la reproducci\u00f3n de la microflora de la c\u00e9lula f\u00fangica. Reduce el riesgo de infecci\u00f3n<\/p>\n","protected":false},"featured_media":2642,"comment_status":"open","ping_status":"closed","template":"","meta":[],"product_brand":[186],"product_cat":[44,127],"product_tag":[],"class_list":{"0":"post-2634","1":"product","2":"type-product","3":"status-publish","4":"has-post-thumbnail","6":"product_brand-illusion-beauty","7":"product_cat-antifungico","8":"product_cat-cuidado-de-las-unas","10":"first","11":"instock","12":"purchasable","13":"product-type-simple"},"_links":{"self":[{"href":"https:\/\/maabmakeup.com\/inicio-2\/wp-json\/wp\/v2\/product\/2634","targetHints":{"allow":["GET"]}}],"collection":[{"href":"https:\/\/maabmakeup.com\/inicio-2\/wp-json\/wp\/v2\/product"}],"about":[{"href":"https:\/\/maabmakeup.com\/inicio-2\/wp-json\/wp\/v2\/types\/product"}],"replies":[{"embeddable":true,"href":"https:\/\/maabmakeup.com\/inicio-2\/wp-json\/wp\/v2\/comments?post=2634"}],"wp:featuredmedia":[{"embeddable":true,"href":"https:\/\/maabmakeup.com\/inicio-2\/wp-json\/wp\/v2\/media\/2642"}],"wp:attachment":[{"href":"https:\/\/maabmakeup.com\/inicio-2\/wp-json\/wp\/v2\/media?parent=2634"}],"wp:term":[{"taxonomy":"product_brand","embeddable":true,"href":"https:\/\/maabmakeup.com\/inicio-2\/wp-json\/wp\/v2\/product_brand?post=2634"},{"taxonomy":"product_cat","embeddable":true,"href":"https:\/\/maabmakeup.com\/inicio-2\/wp-json\/wp\/v2\/product_cat?post=2634"},{"taxonomy":"product_tag","embeddable":true,"href":"https:\/\/maabmakeup.com\/inicio-2\/wp-json\/wp\/v2\/product_tag?post=2634"}],"curies":[{"name":"wp","href":"https:\/\/api.w.org\/{rel}","templated":true}]}}