{"id":3000,"date":"2023-08-02T18:13:55","date_gmt":"2023-08-02T16:13:55","guid":{"rendered":"https:\/\/maabmakeup.es\/?post_type=product&#038;p=3000"},"modified":"2025-07-21T09:13:57","modified_gmt":"2025-07-21T07:13:57","slug":"red-onyx-4-5ml","status":"publish","type":"product","link":"https:\/\/maabmakeup.com\/inicio-2\/tienda\/esmaltes\/red-onyx-4-5ml\/","title":{"rendered":"Red Onyx 4 &#8211; 5ml"},"content":{"rendered":"<p>El Gel Lack magn\u00e9tico \u00abRed Onyx\u00bb tiene cuatro tonos \u00fanicos: desde el rojo cl\u00e1sico hasta el borgo\u00f1a oscuro y todos se asemejan a la piedra de \u00f3nix, lo que le permite hacer las u\u00f1as realmente preciosas.\u00c2\u00a0Los esmaltes\u00c2\u00a0semipermanentes de la colecci\u00f3n Red Onyx se aplican con una facilidad sin precedentes, y el patr\u00f3n en las u\u00f1as var\u00eda con un im\u00e1n.\u00c2\u00a0Los Gel Lack \u00abRed Onyx\u00bb se pueden usar como recubrimiento b\u00e1sico, como\u00c2\u00a0para un increible a\u00f1adido a cualquier dise\u00f1o y decoraci\u00f3n..<\/p>\n<p><b>T\u00e9cnica de aplicaci\u00f3n:<\/b><\/p>\n<ul>\n<li>Aplicar\u00c2\u00a0una imprimaci\u00f3n, Primer.<\/li>\n<li>Aplicar una capa base.<\/li>\n<li>Aplicar una capa de \u00abRed Onyx\u00bb.<\/li>\n<li>Realiza el dise\u00f1o necesario con un im\u00e1n.<\/li>\n<li>Aplicar una capa Finalizadora.<\/li>\n<\/ul>\n<p><b>Tiempo de polimerizaci\u00f3n:<\/b><\/p>\n<ul>\n<li>En la l\u00e1mpara UV \u2013 2 min;<\/li>\n<li>En LED y l\u00e1mpara h\u00edbrida \u2013 30 seg<\/li>\n<\/ul>\n","protected":false},"excerpt":{"rendered":"<p>El Gel Lack magn\u00e9tico \u00abRed Onyx\u00bb tiene cuatro tonos \u00fanicos: desde el rojo cl\u00e1sico hasta el borgo\u00f1a oscuro y todos<\/p>\n","protected":false},"featured_media":3001,"comment_status":"open","ping_status":"closed","template":"","meta":[],"product_brand":[208],"product_cat":[123,176],"product_tag":[],"class_list":{"0":"post-3000","1":"product","2":"type-product","3":"status-publish","4":"has-post-thumbnail","6":"product_brand-nika-nagel","7":"product_cat-esmaltes","8":"product_cat-ofertas","10":"first","11":"instock","12":"sale","13":"purchasable","14":"product-type-simple"},"_links":{"self":[{"href":"https:\/\/maabmakeup.com\/inicio-2\/wp-json\/wp\/v2\/product\/3000","targetHints":{"allow":["GET"]}}],"collection":[{"href":"https:\/\/maabmakeup.com\/inicio-2\/wp-json\/wp\/v2\/product"}],"about":[{"href":"https:\/\/maabmakeup.com\/inicio-2\/wp-json\/wp\/v2\/types\/product"}],"replies":[{"embeddable":true,"href":"https:\/\/maabmakeup.com\/inicio-2\/wp-json\/wp\/v2\/comments?post=3000"}],"wp:featuredmedia":[{"embeddable":true,"href":"https:\/\/maabmakeup.com\/inicio-2\/wp-json\/wp\/v2\/media\/3001"}],"wp:attachment":[{"href":"https:\/\/maabmakeup.com\/inicio-2\/wp-json\/wp\/v2\/media?parent=3000"}],"wp:term":[{"taxonomy":"product_brand","embeddable":true,"href":"https:\/\/maabmakeup.com\/inicio-2\/wp-json\/wp\/v2\/product_brand?post=3000"},{"taxonomy":"product_cat","embeddable":true,"href":"https:\/\/maabmakeup.com\/inicio-2\/wp-json\/wp\/v2\/product_cat?post=3000"},{"taxonomy":"product_tag","embeddable":true,"href":"https:\/\/maabmakeup.com\/inicio-2\/wp-json\/wp\/v2\/product_tag?post=3000"}],"curies":[{"name":"wp","href":"https:\/\/api.w.org\/{rel}","templated":true}]}}