{"id":3002,"date":"2023-08-02T18:16:16","date_gmt":"2023-08-02T16:16:16","guid":{"rendered":"https:\/\/maabmakeup.es\/?post_type=product&#038;p=3002"},"modified":"2025-07-21T09:16:35","modified_gmt":"2025-07-21T07:16:35","slug":"bon-pari-bp3-5ml","status":"publish","type":"product","link":"https:\/\/maabmakeup.com\/inicio-2\/tienda\/esmaltes\/bon-pari-bp3-5ml\/","title":{"rendered":"Bon Pari BP3 &#8211; 5ml"},"content":{"rendered":"<p>Gel lacks\u00c2\u00a0transparentes para superponer varios dise\u00f1os.\u00c2\u00a0Los pigmentos ligeros se pueden usar como un revestimiento independiente y para modificar la gama de colores en el dibujo.\u00c2\u00a0Los gel lacks \u00abBon Pari\u00bb permiten envejecer los dise\u00f1os crom\u00e1ticos, hacer un tinte fino, crear transiciones f\u00e1ciles en la t\u00e9cnica de degradado y todo tipo de efectos en los dise\u00f1os de acuarios.\u00c2\u00a0Los esmaltes semipermanentes \u00abBon Pari\u00bb tienen una capa de dispersi\u00f3n y puedes\u00c2\u00a0utilizar con todos los recubrimientos\u00c2\u00a0de nuestra empresa.<\/p>\n","protected":false},"excerpt":{"rendered":"<p>Gel lacks\u00c2\u00a0transparentes para superponer varios dise\u00f1os.\u00c2\u00a0Los pigmentos ligeros se pueden usar como un revestimiento independiente y para modificar la gama<\/p>\n","protected":false},"featured_media":3004,"comment_status":"open","ping_status":"closed","template":"","meta":[],"product_brand":[208],"product_cat":[123,176],"product_tag":[],"class_list":{"0":"post-3002","1":"product","2":"type-product","3":"status-publish","4":"has-post-thumbnail","6":"product_brand-nika-nagel","7":"product_cat-esmaltes","8":"product_cat-ofertas","10":"first","11":"instock","12":"sale","13":"purchasable","14":"product-type-simple"},"_links":{"self":[{"href":"https:\/\/maabmakeup.com\/inicio-2\/wp-json\/wp\/v2\/product\/3002","targetHints":{"allow":["GET"]}}],"collection":[{"href":"https:\/\/maabmakeup.com\/inicio-2\/wp-json\/wp\/v2\/product"}],"about":[{"href":"https:\/\/maabmakeup.com\/inicio-2\/wp-json\/wp\/v2\/types\/product"}],"replies":[{"embeddable":true,"href":"https:\/\/maabmakeup.com\/inicio-2\/wp-json\/wp\/v2\/comments?post=3002"}],"wp:featuredmedia":[{"embeddable":true,"href":"https:\/\/maabmakeup.com\/inicio-2\/wp-json\/wp\/v2\/media\/3004"}],"wp:attachment":[{"href":"https:\/\/maabmakeup.com\/inicio-2\/wp-json\/wp\/v2\/media?parent=3002"}],"wp:term":[{"taxonomy":"product_brand","embeddable":true,"href":"https:\/\/maabmakeup.com\/inicio-2\/wp-json\/wp\/v2\/product_brand?post=3002"},{"taxonomy":"product_cat","embeddable":true,"href":"https:\/\/maabmakeup.com\/inicio-2\/wp-json\/wp\/v2\/product_cat?post=3002"},{"taxonomy":"product_tag","embeddable":true,"href":"https:\/\/maabmakeup.com\/inicio-2\/wp-json\/wp\/v2\/product_tag?post=3002"}],"curies":[{"name":"wp","href":"https:\/\/api.w.org\/{rel}","templated":true}]}}