{"id":3167,"date":"2023-09-15T18:33:38","date_gmt":"2023-09-15T16:33:38","guid":{"rendered":"https:\/\/maabmakeup.es\/?post_type=product&#038;p=3167"},"modified":"2025-08-12T13:47:09","modified_gmt":"2025-08-12T11:47:09","slug":"purpurita","status":"publish","type":"product","link":"https:\/\/maabmakeup.com\/inicio-2\/tienda\/decoracion\/glitter\/purpurita\/","title":{"rendered":"Purpurina"},"content":{"rendered":"<p>Puedes frotarla con polvo met\u00e1lico, efecto\u00c2\u00a0<strong>hologr\u00e1fico<\/strong>. Recuerda para hacer este efecto, debes de poner encima del color un top sin capa, muy bien secado en la\u00c2\u00a0<strong>l\u00e1mpara led<\/strong>, y ya frotar el polvo hologr\u00e1fico, cubrir bien las puntas con\u00c2\u00a0<strong>primer<\/strong>\u00c2\u00a0o limar el exceso de polvo sobrante de las puntas.<\/p>\n<p>Se puede usar encima del top. No hace falta cubrir, resultados espectaculares. M\u00e1s fina que la harina.<\/p>\n<p><strong>Micropurpurina<\/strong>\u00c2\u00a0extrabrillante ideal para decoraci\u00f3n.<\/p>\n<p>Tambi\u00e9n llamado\u00c2\u00a0<strong>glitter<\/strong>,\u00c2\u00a0<strong>polvo de az\u00faca<\/strong>r&#8230;<\/p>\n<p>Consejo: para el efecto de az\u00facar en la u\u00f1a entera, te recomiendo poner debajo el mismo color de esmalte que de polvo, por si a la clienta de le gasta con el paso del tiempo, aun as\u00ed intenta secar muy bien en la l\u00e1mpara led porque a\u00c2\u00a0 veces las purpurina no deja pasar bien la luz si pones mucha cantidad, yo meto en l\u00e1mpara la mano y cuando sale paso el cepillo\u00c2\u00a0 para quitar el exceso y vuelo a meter en l\u00e1mpara.<\/p>\n<p>No dejes el\u00c2\u00a0<strong>efecto sugar<\/strong>\u00c2\u00a0encima del top, sin cubrir en colores claros, se mancha muy r\u00e1pido por ser poroso y\u00c2\u00a0<strong>coge las u\u00f1as color<\/strong>.<\/p>\n","protected":false},"excerpt":{"rendered":"<p>Puedes frotarla con polvo met\u00e1lico, efecto\u00c2\u00a0hologr\u00e1fico. Recuerda para hacer este efecto, debes de poner encima del color un top sin<\/p>\n","protected":false},"featured_media":3168,"comment_status":"open","ping_status":"closed","template":"","meta":[],"product_brand":[213],"product_cat":[84,159],"product_tag":[],"class_list":{"0":"post-3167","1":"product","2":"type-product","3":"status-publish","4":"has-post-thumbnail","6":"product_brand-maabmakeup","7":"product_cat-decoracion","8":"product_cat-glitter","10":"first","11":"instock","12":"purchasable","13":"product-type-simple"},"_links":{"self":[{"href":"https:\/\/maabmakeup.com\/inicio-2\/wp-json\/wp\/v2\/product\/3167","targetHints":{"allow":["GET"]}}],"collection":[{"href":"https:\/\/maabmakeup.com\/inicio-2\/wp-json\/wp\/v2\/product"}],"about":[{"href":"https:\/\/maabmakeup.com\/inicio-2\/wp-json\/wp\/v2\/types\/product"}],"replies":[{"embeddable":true,"href":"https:\/\/maabmakeup.com\/inicio-2\/wp-json\/wp\/v2\/comments?post=3167"}],"wp:featuredmedia":[{"embeddable":true,"href":"https:\/\/maabmakeup.com\/inicio-2\/wp-json\/wp\/v2\/media\/3168"}],"wp:attachment":[{"href":"https:\/\/maabmakeup.com\/inicio-2\/wp-json\/wp\/v2\/media?parent=3167"}],"wp:term":[{"taxonomy":"product_brand","embeddable":true,"href":"https:\/\/maabmakeup.com\/inicio-2\/wp-json\/wp\/v2\/product_brand?post=3167"},{"taxonomy":"product_cat","embeddable":true,"href":"https:\/\/maabmakeup.com\/inicio-2\/wp-json\/wp\/v2\/product_cat?post=3167"},{"taxonomy":"product_tag","embeddable":true,"href":"https:\/\/maabmakeup.com\/inicio-2\/wp-json\/wp\/v2\/product_tag?post=3167"}],"curies":[{"name":"wp","href":"https:\/\/api.w.org\/{rel}","templated":true}]}}