{"id":3198,"date":"2023-09-28T11:25:15","date_gmt":"2023-09-28T09:25:15","guid":{"rendered":"https:\/\/maabmakeup.es\/?post_type=product&#038;p=3198"},"modified":"2025-07-23T18:14:57","modified_gmt":"2025-07-23T16:14:57","slug":"builder-base-06-ib-nails-15ml","status":"publish","type":"product","link":"https:\/\/maabmakeup.com\/inicio-2\/tienda\/base\/rigida\/builder-base-06-ib-nails-15ml\/","title":{"rendered":"Builder Base 06 IB Nails &#8211; 15ml"},"content":{"rendered":"<p>Densidad media.<\/p>\n<p>Para alargar y reforzar la u\u00f1a natural.<\/p>\n<p>El recubrimiento \u00abBuilder Base\u00bb se cre\u00f3 espec\u00edficamente para nivelar la placa de la u\u00f1a y moldear el borde libre, as\u00ed como para fortalecer las u\u00f1as naturales de longitud extrema. \u00abBuilder Base\u00bb se autonivela perfectamente en la placa de la u\u00f1a y no causa dificultades de uso, es perfecto tanto para profesionales como para principiantes en el servicio de u\u00f1as.<\/p>\n","protected":false},"excerpt":{"rendered":"<p>Densidad media. Para alargar y reforzar la u\u00f1a natural. El recubrimiento \u00abBuilder Base\u00bb se cre\u00f3 espec\u00edficamente para nivelar la placa<\/p>\n","protected":false},"featured_media":3199,"comment_status":"open","ping_status":"closed","template":"","meta":[],"product_brand":[186],"product_cat":[36,235],"product_tag":[],"class_list":{"0":"post-3198","1":"product","2":"type-product","3":"status-publish","4":"has-post-thumbnail","6":"product_brand-illusion-beauty","7":"product_cat-base","8":"product_cat-rigida","10":"first","11":"instock","12":"purchasable","13":"product-type-simple"},"_links":{"self":[{"href":"https:\/\/maabmakeup.com\/inicio-2\/wp-json\/wp\/v2\/product\/3198","targetHints":{"allow":["GET"]}}],"collection":[{"href":"https:\/\/maabmakeup.com\/inicio-2\/wp-json\/wp\/v2\/product"}],"about":[{"href":"https:\/\/maabmakeup.com\/inicio-2\/wp-json\/wp\/v2\/types\/product"}],"replies":[{"embeddable":true,"href":"https:\/\/maabmakeup.com\/inicio-2\/wp-json\/wp\/v2\/comments?post=3198"}],"wp:featuredmedia":[{"embeddable":true,"href":"https:\/\/maabmakeup.com\/inicio-2\/wp-json\/wp\/v2\/media\/3199"}],"wp:attachment":[{"href":"https:\/\/maabmakeup.com\/inicio-2\/wp-json\/wp\/v2\/media?parent=3198"}],"wp:term":[{"taxonomy":"product_brand","embeddable":true,"href":"https:\/\/maabmakeup.com\/inicio-2\/wp-json\/wp\/v2\/product_brand?post=3198"},{"taxonomy":"product_cat","embeddable":true,"href":"https:\/\/maabmakeup.com\/inicio-2\/wp-json\/wp\/v2\/product_cat?post=3198"},{"taxonomy":"product_tag","embeddable":true,"href":"https:\/\/maabmakeup.com\/inicio-2\/wp-json\/wp\/v2\/product_tag?post=3198"}],"curies":[{"name":"wp","href":"https:\/\/api.w.org\/{rel}","templated":true}]}}