{"id":3204,"date":"2023-09-28T11:36:56","date_gmt":"2023-09-28T09:36:56","guid":{"rendered":"https:\/\/maabmakeup.es\/?post_type=product&#038;p=3204"},"modified":"2025-06-30T18:48:56","modified_gmt":"2025-06-30T16:48:56","slug":"gel-builder-clear-ib-nails-15ml","status":"publish","type":"product","link":"https:\/\/maabmakeup.com\/inicio-2\/tienda\/constructores\/gel-builder\/gel-builder-clear-ib-nails-15ml\/","title":{"rendered":"Gel Builder Clear IB Nails &#8211; 15ml"},"content":{"rendered":"<p>Gel constructor transparente.<\/p>\n<p>Densidad media.<\/p>\n<p>Antial\u00e9rgico.<\/p>\n<p>Autonivelante.<\/p>\n<p>Gel de limado f\u00e1cil, y permite trabajar r\u00e1pido y confortable.<\/p>\n","protected":false},"excerpt":{"rendered":"<p>Gel constructor transparente. Densidad media. Antial\u00e9rgico. Autonivelante. Gel de limado f\u00e1cil, y permite trabajar r\u00e1pido y confortable.<\/p>\n","protected":false},"featured_media":3205,"comment_status":"open","ping_status":"closed","template":"","meta":[],"product_brand":[186],"product_cat":[226,233],"product_tag":[],"class_list":{"0":"post-3204","1":"product","2":"type-product","3":"status-publish","4":"has-post-thumbnail","6":"product_brand-illusion-beauty","7":"product_cat-constructores","8":"product_cat-gel-builder","10":"first","11":"instock","12":"purchasable","13":"product-type-simple"},"_links":{"self":[{"href":"https:\/\/maabmakeup.com\/inicio-2\/wp-json\/wp\/v2\/product\/3204","targetHints":{"allow":["GET"]}}],"collection":[{"href":"https:\/\/maabmakeup.com\/inicio-2\/wp-json\/wp\/v2\/product"}],"about":[{"href":"https:\/\/maabmakeup.com\/inicio-2\/wp-json\/wp\/v2\/types\/product"}],"replies":[{"embeddable":true,"href":"https:\/\/maabmakeup.com\/inicio-2\/wp-json\/wp\/v2\/comments?post=3204"}],"wp:featuredmedia":[{"embeddable":true,"href":"https:\/\/maabmakeup.com\/inicio-2\/wp-json\/wp\/v2\/media\/3205"}],"wp:attachment":[{"href":"https:\/\/maabmakeup.com\/inicio-2\/wp-json\/wp\/v2\/media?parent=3204"}],"wp:term":[{"taxonomy":"product_brand","embeddable":true,"href":"https:\/\/maabmakeup.com\/inicio-2\/wp-json\/wp\/v2\/product_brand?post=3204"},{"taxonomy":"product_cat","embeddable":true,"href":"https:\/\/maabmakeup.com\/inicio-2\/wp-json\/wp\/v2\/product_cat?post=3204"},{"taxonomy":"product_tag","embeddable":true,"href":"https:\/\/maabmakeup.com\/inicio-2\/wp-json\/wp\/v2\/product_tag?post=3204"}],"curies":[{"name":"wp","href":"https:\/\/api.w.org\/{rel}","templated":true}]}}