{"id":3207,"date":"2023-09-28T11:39:15","date_gmt":"2023-09-28T09:39:15","guid":{"rendered":"https:\/\/maabmakeup.es\/?post_type=product&#038;p=3207"},"modified":"2026-02-17T18:29:54","modified_gmt":"2026-02-17T17:29:54","slug":"gel-builder-glitter-09-ib-nails-5ml","status":"publish","type":"product","link":"https:\/\/maabmakeup.com\/inicio-2\/tienda\/constructores\/gel-builder\/gel-builder-glitter-09-ib-nails-5ml\/","title":{"rendered":"Gel Builder Glitter  IB Nails &#8211; 5ml"},"content":{"rendered":"<p>Gel constructor con shinners brillantes.<\/p>\n<p>Densidad media.<\/p>\n<p>Antial\u00e9rgico.<\/p>\n<p>Autonivelante.<\/p>\n<p>Gel de limado f\u00e1cil, y permite trabajar r\u00e1pido y confortable.<\/p>\n","protected":false},"excerpt":{"rendered":"<p>Gel constructor con shinners brillantes. Densidad media. Antial\u00e9rgico. Autonivelante. Gel de limado f\u00e1cil, y permite trabajar r\u00e1pido y confortable.<\/p>\n","protected":false},"featured_media":3208,"comment_status":"open","ping_status":"closed","template":"","meta":[],"product_brand":[186],"product_cat":[226,233],"product_tag":[],"class_list":{"0":"post-3207","1":"product","2":"type-product","3":"status-publish","4":"has-post-thumbnail","6":"product_brand-illusion-beauty","7":"product_cat-constructores","8":"product_cat-gel-builder","10":"first","11":"instock","12":"sale","13":"purchasable","14":"product-type-simple"},"_links":{"self":[{"href":"https:\/\/maabmakeup.com\/inicio-2\/wp-json\/wp\/v2\/product\/3207","targetHints":{"allow":["GET"]}}],"collection":[{"href":"https:\/\/maabmakeup.com\/inicio-2\/wp-json\/wp\/v2\/product"}],"about":[{"href":"https:\/\/maabmakeup.com\/inicio-2\/wp-json\/wp\/v2\/types\/product"}],"replies":[{"embeddable":true,"href":"https:\/\/maabmakeup.com\/inicio-2\/wp-json\/wp\/v2\/comments?post=3207"}],"wp:featuredmedia":[{"embeddable":true,"href":"https:\/\/maabmakeup.com\/inicio-2\/wp-json\/wp\/v2\/media\/3208"}],"wp:attachment":[{"href":"https:\/\/maabmakeup.com\/inicio-2\/wp-json\/wp\/v2\/media?parent=3207"}],"wp:term":[{"taxonomy":"product_brand","embeddable":true,"href":"https:\/\/maabmakeup.com\/inicio-2\/wp-json\/wp\/v2\/product_brand?post=3207"},{"taxonomy":"product_cat","embeddable":true,"href":"https:\/\/maabmakeup.com\/inicio-2\/wp-json\/wp\/v2\/product_cat?post=3207"},{"taxonomy":"product_tag","embeddable":true,"href":"https:\/\/maabmakeup.com\/inicio-2\/wp-json\/wp\/v2\/product_tag?post=3207"}],"curies":[{"name":"wp","href":"https:\/\/api.w.org\/{rel}","templated":true}]}}