{"id":3298,"date":"2023-10-23T12:53:44","date_gmt":"2023-10-23T10:53:44","guid":{"rendered":"https:\/\/maabmakeup.es\/?post_type=product&#038;p=3298"},"modified":"2025-08-02T10:35:55","modified_gmt":"2025-08-02T08:35:55","slug":"gel-polish-29-ib-nails-5ml","status":"publish","type":"product","link":"https:\/\/maabmakeup.com\/inicio-2\/tienda\/esmaltes\/gel-polish\/gel-polish-29-ib-nails-5ml\/","title":{"rendered":"Gel polish 29 IB Nails &#8211; 5ml"},"content":{"rendered":"<p>Gel polish de f\u00e1cil aplicaci\u00f3n y gran cobertura.<\/p>\n<div class=\"propertyTable\">\n<div class=\"propertyName\">Autonivelante.<\/div>\n<\/div>\n<div class=\"propertyName\"><\/div>\n<div class=\"propertyName\">Contiene capa adhesiva.<\/div>\n<div class=\"propertyTable\">\n<div class=\"propertyName\"><\/div>\n<div class=\"propertyName\">Para dise\u00f1o y cobertura completa.<\/div>\n<\/div>\n<div class=\"propertyTable\"><\/div>\n<div class=\"propertyTable\">\n<div class=\"propertyName\">Aseg\u00farate de usar una imprimaci\u00f3n.<\/div>\n<div><\/div>\n<\/div>\n<p><b>T\u00e9cnica de aplicaci\u00f3n:<\/b><\/p>\n<ul>\n<li>Preparar\u00c2\u00a0la\u00c2\u00a0u\u00f1a natural, aplicar una imprimaci\u00f3n;<\/li>\n<li>Aplicar una capa base;<\/li>\n<li>Aplicar gel polish IB Nails;<\/li>\n<li>Aplique una capa de acabado (ya que el gel polish tiene una peque\u00f1a capa pegajosa).<\/li>\n<\/ul>\n<p><b>Tiempo de polimerizaci\u00f3n:<\/b><\/p>\n<ul>\n<li>En la l\u00e1mpara UV \u2013 2 min;<\/li>\n<li>En LED y l\u00e1mpara h\u00edbrida \u2013 30 seg.<\/li>\n<\/ul>\n","protected":false},"excerpt":{"rendered":"<p>Gel polish de f\u00e1cil aplicaci\u00f3n y gran cobertura. Autonivelante. Contiene capa adhesiva. Para dise\u00f1o y cobertura completa. Aseg\u00farate de usar<\/p>\n","protected":false},"featured_media":3299,"comment_status":"open","ping_status":"closed","template":"","meta":[],"product_brand":[186],"product_cat":[123,202],"product_tag":[],"class_list":{"0":"post-3298","1":"product","2":"type-product","3":"status-publish","4":"has-post-thumbnail","6":"product_brand-illusion-beauty","7":"product_cat-esmaltes","8":"product_cat-gel-polish","10":"first","11":"instock","12":"purchasable","13":"product-type-simple"},"_links":{"self":[{"href":"https:\/\/maabmakeup.com\/inicio-2\/wp-json\/wp\/v2\/product\/3298","targetHints":{"allow":["GET"]}}],"collection":[{"href":"https:\/\/maabmakeup.com\/inicio-2\/wp-json\/wp\/v2\/product"}],"about":[{"href":"https:\/\/maabmakeup.com\/inicio-2\/wp-json\/wp\/v2\/types\/product"}],"replies":[{"embeddable":true,"href":"https:\/\/maabmakeup.com\/inicio-2\/wp-json\/wp\/v2\/comments?post=3298"}],"wp:featuredmedia":[{"embeddable":true,"href":"https:\/\/maabmakeup.com\/inicio-2\/wp-json\/wp\/v2\/media\/3299"}],"wp:attachment":[{"href":"https:\/\/maabmakeup.com\/inicio-2\/wp-json\/wp\/v2\/media?parent=3298"}],"wp:term":[{"taxonomy":"product_brand","embeddable":true,"href":"https:\/\/maabmakeup.com\/inicio-2\/wp-json\/wp\/v2\/product_brand?post=3298"},{"taxonomy":"product_cat","embeddable":true,"href":"https:\/\/maabmakeup.com\/inicio-2\/wp-json\/wp\/v2\/product_cat?post=3298"},{"taxonomy":"product_tag","embeddable":true,"href":"https:\/\/maabmakeup.com\/inicio-2\/wp-json\/wp\/v2\/product_tag?post=3298"}],"curies":[{"name":"wp","href":"https:\/\/api.w.org\/{rel}","templated":true}]}}