{"id":3731,"date":"2023-12-22T16:45:14","date_gmt":"2023-12-22T15:45:14","guid":{"rendered":"https:\/\/maabmakeup.es\/?post_type=product&#038;p=3731"},"modified":"2025-06-30T19:20:13","modified_gmt":"2025-06-30T17:20:13","slug":"polygel-ib-30gr-no71","status":"publish","type":"product","link":"https:\/\/maabmakeup.com\/inicio-2\/tienda\/constructores\/polygel-strong-constructores\/polygel-ib-30gr-no71\/","title":{"rendered":"Polygel ib 30gr n\u00ba71"},"content":{"rendered":"<p>Polygel strong IB lo mejor del acr\u00edlico y del gel.<\/p>\n<p>Incre\u00edblemente sencillo de trabajar!<\/p>\n<p>\u00e2\u0153\u201dOlv\u00eddate del olor como el acr\u00edlico.<br \/>\n\u00e2\u0153\u201dTiene una magn\u00edfica durabilidad al desgaste.<br \/>\n\u00e2\u0153\u201dIncre\u00edble resistencia! \u00e2\u02dc\u009d<\/p>\n","protected":false},"excerpt":{"rendered":"<p>Polygel strong IB lo mejor del acr\u00edlico y del gel. Incre\u00edblemente sencillo de trabajar! \u00e2\u0153\u201dOlv\u00eddate del olor como el acr\u00edlico.<\/p>\n","protected":false},"featured_media":3732,"comment_status":"open","ping_status":"closed","template":"","meta":[],"product_brand":[186],"product_cat":[226,232],"product_tag":[],"class_list":{"0":"post-3731","1":"product","2":"type-product","3":"status-publish","4":"has-post-thumbnail","6":"product_brand-illusion-beauty","7":"product_cat-constructores","8":"product_cat-polygel-strong-constructores","10":"first","11":"instock","12":"purchasable","13":"product-type-simple"},"_links":{"self":[{"href":"https:\/\/maabmakeup.com\/inicio-2\/wp-json\/wp\/v2\/product\/3731","targetHints":{"allow":["GET"]}}],"collection":[{"href":"https:\/\/maabmakeup.com\/inicio-2\/wp-json\/wp\/v2\/product"}],"about":[{"href":"https:\/\/maabmakeup.com\/inicio-2\/wp-json\/wp\/v2\/types\/product"}],"replies":[{"embeddable":true,"href":"https:\/\/maabmakeup.com\/inicio-2\/wp-json\/wp\/v2\/comments?post=3731"}],"wp:featuredmedia":[{"embeddable":true,"href":"https:\/\/maabmakeup.com\/inicio-2\/wp-json\/wp\/v2\/media\/3732"}],"wp:attachment":[{"href":"https:\/\/maabmakeup.com\/inicio-2\/wp-json\/wp\/v2\/media?parent=3731"}],"wp:term":[{"taxonomy":"product_brand","embeddable":true,"href":"https:\/\/maabmakeup.com\/inicio-2\/wp-json\/wp\/v2\/product_brand?post=3731"},{"taxonomy":"product_cat","embeddable":true,"href":"https:\/\/maabmakeup.com\/inicio-2\/wp-json\/wp\/v2\/product_cat?post=3731"},{"taxonomy":"product_tag","embeddable":true,"href":"https:\/\/maabmakeup.com\/inicio-2\/wp-json\/wp\/v2\/product_tag?post=3731"}],"curies":[{"name":"wp","href":"https:\/\/api.w.org\/{rel}","templated":true}]}}