{"id":3820,"date":"2024-01-20T11:53:56","date_gmt":"2024-01-20T10:53:56","guid":{"rendered":"https:\/\/maabmakeup.es\/?post_type=product&#038;p=3820"},"modified":"2026-02-11T19:03:05","modified_gmt":"2026-02-11T18:03:05","slug":"master-de-inicio-a-la-manicura-avanzado","status":"publish","type":"product","link":"https:\/\/maabmakeup.com\/inicio-2\/tienda\/cursos\/master-de-inicio-a-la-manicura-avanzado\/","title":{"rendered":"Curso Dual Advanced"},"content":{"rendered":"<p>&nbsp;<\/p>\n<div class=\"\">\n<div id=\":16f\" class=\"ii gt\">\n<div id=\":16e\" class=\"a3s aiL\">\n<div id=\"avWBGd-17\">\n<div dir=\"ltr\">Domina las Estructuras Sofisticadas con el Sistema Dual.<\/p>\n<p>Este curso avanzado est\u00e1 dise\u00f1ado para profesionales que desean perfeccionar su t\u00e9cnica con el sistema Dual y llevar sus habilidades a un nivel superior. Aprender\u00e1s a construir u\u00f1as de sal\u00f3n con acabados sofisticados, duraderos y realizados en tiempo r\u00e9cord, ideales para las demandas del d\u00eda a d\u00eda en el sal\u00f3n.<\/p>\n<p>En Dual Advanced, descubrir\u00e1s:<br \/>\n&#8211; Estructuras avanzadas con Gel de construcci\u00f3n y sistema Dual: Aprende a crear u\u00f1as desde la cut\u00edcula hasta la extensi\u00f3n completa<br \/>\n&#8211; Formas elegantes y vers\u00e1tiles: Cuadrada, Almendra<br \/>\n-T\u00e9cnica Smart French para unas francesas esculpidas en tiempo r\u00e9cord y con la mayor perfecci\u00f3n<\/p>\n<p>Este curso es para ti si:<br \/>\n<img decoding=\"async\" class=\"an1\" draggable=\"false\" src=\"https:\/\/fonts.gstatic.com\/s\/e\/notoemoji\/16.0\/2714_fe0f\/32.png\" alt=\"\u2714\ufe0f\" data-emoji=\"\u2714\ufe0f\" aria-label=\"\u2714\ufe0f\" \/>\u00a0Trabajas en un sal\u00f3n y quieres ofrecer estructuras modernas, duraderas y en tendencia.<br \/>\n<img decoding=\"async\" class=\"an1\" draggable=\"false\" src=\"https:\/\/fonts.gstatic.com\/s\/e\/notoemoji\/16.0\/2714_fe0f\/32.png\" alt=\"\u2714\ufe0f\" data-emoji=\"\u2714\ufe0f\" aria-label=\"\u2714\ufe0f\" \/>\u00a0Buscas optimizar tus tiempos sin comprometer la calidad del trabajo.<br \/>\n<img decoding=\"async\" class=\"an1\" draggable=\"false\" src=\"https:\/\/fonts.gstatic.com\/s\/e\/notoemoji\/16.0\/2714_fe0f\/32.png\" alt=\"\u2714\ufe0f\" data-emoji=\"\u2714\ufe0f\" aria-label=\"\u2714\ufe0f\" \/>\u00a0Tienes conocimientos b\u00e1sicos sobre la preparaci\u00f3n de la u\u00f1a natural y deseas especializarte en t\u00e9cnicas avanzadas.<\/p>\n<p>Lleva tus habilidades al pr\u00f3ximo nivel con Dual Advanced. \u00a1Te espero para transformar tu t\u00e9cnica en una obra de arte profesional!<\/p>\n<p>Precio: 247\u20ac<br \/>\nLugar: C\/ Cabo Noval, 6 local 1. Academia MAAB Make up. MELILLA<br \/>\nHorario: 9:30 a 18:30h<\/p>\n<p>Debes llevar:<br \/>\n&#8211; Torno<br \/>\n&#8211; Pincel de gel y Pincel Liner<\/p>\n<div>\n<div>Para reservar tu plaza podemos indicarte las condiciones y posibilidades dd pago! Una vez hecho el pago, MUY IMPORTANTE, dejarme escrito por aqu\u00ed tu nombre y apellidos para el t\u00edtulo!!!<\/div>\n<\/div>\n<\/div>\n<\/div>\n<\/div>\n<\/div>\n<\/div>\n","protected":false},"excerpt":{"rendered":"<p>&nbsp; Domina las Estructuras Sofisticadas con el Sistema Dual. Este curso avanzado est\u00e1 dise\u00f1ado para profesionales que desean perfeccionar su<\/p>\n","protected":false},"featured_media":7898,"comment_status":"open","ping_status":"closed","template":"","meta":[],"product_brand":[],"product_cat":[138],"product_tag":[],"class_list":{"0":"post-3820","1":"product","2":"type-product","3":"status-publish","4":"has-post-thumbnail","6":"product_cat-cursos","8":"first","9":"instock","10":"purchasable","11":"product-type-simple"},"_links":{"self":[{"href":"https:\/\/maabmakeup.com\/inicio-2\/wp-json\/wp\/v2\/product\/3820","targetHints":{"allow":["GET"]}}],"collection":[{"href":"https:\/\/maabmakeup.com\/inicio-2\/wp-json\/wp\/v2\/product"}],"about":[{"href":"https:\/\/maabmakeup.com\/inicio-2\/wp-json\/wp\/v2\/types\/product"}],"replies":[{"embeddable":true,"href":"https:\/\/maabmakeup.com\/inicio-2\/wp-json\/wp\/v2\/comments?post=3820"}],"wp:featuredmedia":[{"embeddable":true,"href":"https:\/\/maabmakeup.com\/inicio-2\/wp-json\/wp\/v2\/media\/7898"}],"wp:attachment":[{"href":"https:\/\/maabmakeup.com\/inicio-2\/wp-json\/wp\/v2\/media?parent=3820"}],"wp:term":[{"taxonomy":"product_brand","embeddable":true,"href":"https:\/\/maabmakeup.com\/inicio-2\/wp-json\/wp\/v2\/product_brand?post=3820"},{"taxonomy":"product_cat","embeddable":true,"href":"https:\/\/maabmakeup.com\/inicio-2\/wp-json\/wp\/v2\/product_cat?post=3820"},{"taxonomy":"product_tag","embeddable":true,"href":"https:\/\/maabmakeup.com\/inicio-2\/wp-json\/wp\/v2\/product_tag?post=3820"}],"curies":[{"name":"wp","href":"https:\/\/api.w.org\/{rel}","templated":true}]}}