{"id":3844,"date":"2024-01-22T20:20:20","date_gmt":"2024-01-22T19:20:20","guid":{"rendered":"https:\/\/maabmakeup.es\/?post_type=product&#038;p=3844"},"modified":"2025-08-03T11:58:54","modified_gmt":"2025-08-03T09:58:54","slug":"slider-3d-no19","status":"publish","type":"product","link":"https:\/\/maabmakeup.com\/inicio-2\/tienda\/decoracion\/slider\/slider-3d-no19\/","title":{"rendered":"Slider 3D n\u00ba19"},"content":{"rendered":"<p>Pegatinas al agua de f\u00e1cil aplicaci\u00f3n y gran durabilidad, dise\u00f1adas en exclusiva para la marca.<\/p>\n","protected":false},"excerpt":{"rendered":"<p>Pegatinas al agua de f\u00e1cil aplicaci\u00f3n y gran durabilidad, dise\u00f1adas en exclusiva para la marca.<\/p>\n","protected":false},"featured_media":3845,"comment_status":"open","ping_status":"closed","template":"","meta":[],"product_brand":[208],"product_cat":[84,167],"product_tag":[],"class_list":{"0":"post-3844","1":"product","2":"type-product","3":"status-publish","4":"has-post-thumbnail","6":"product_brand-nika-nagel","7":"product_cat-decoracion","8":"product_cat-slider","10":"first","11":"instock","12":"purchasable","13":"product-type-simple"},"_links":{"self":[{"href":"https:\/\/maabmakeup.com\/inicio-2\/wp-json\/wp\/v2\/product\/3844","targetHints":{"allow":["GET"]}}],"collection":[{"href":"https:\/\/maabmakeup.com\/inicio-2\/wp-json\/wp\/v2\/product"}],"about":[{"href":"https:\/\/maabmakeup.com\/inicio-2\/wp-json\/wp\/v2\/types\/product"}],"replies":[{"embeddable":true,"href":"https:\/\/maabmakeup.com\/inicio-2\/wp-json\/wp\/v2\/comments?post=3844"}],"wp:featuredmedia":[{"embeddable":true,"href":"https:\/\/maabmakeup.com\/inicio-2\/wp-json\/wp\/v2\/media\/3845"}],"wp:attachment":[{"href":"https:\/\/maabmakeup.com\/inicio-2\/wp-json\/wp\/v2\/media?parent=3844"}],"wp:term":[{"taxonomy":"product_brand","embeddable":true,"href":"https:\/\/maabmakeup.com\/inicio-2\/wp-json\/wp\/v2\/product_brand?post=3844"},{"taxonomy":"product_cat","embeddable":true,"href":"https:\/\/maabmakeup.com\/inicio-2\/wp-json\/wp\/v2\/product_cat?post=3844"},{"taxonomy":"product_tag","embeddable":true,"href":"https:\/\/maabmakeup.com\/inicio-2\/wp-json\/wp\/v2\/product_tag?post=3844"}],"curies":[{"name":"wp","href":"https:\/\/api.w.org\/{rel}","templated":true}]}}