{"id":3864,"date":"2024-01-22T21:25:34","date_gmt":"2024-01-22T20:25:34","guid":{"rendered":"https:\/\/maabmakeup.es\/?post_type=product&#038;p=3864"},"modified":"2025-06-30T19:16:17","modified_gmt":"2025-06-30T17:16:17","slug":"polygel-strong-ib-no77-30gr","status":"publish","type":"product","link":"https:\/\/maabmakeup.com\/inicio-2\/tienda\/constructores\/polygel-strong-constructores\/polygel-strong-ib-no77-30gr\/","title":{"rendered":"PolyGel Strong IB n\u00ba77 &#8211; 30gr"},"content":{"rendered":"<p>PolyGel strong.<\/p>\n<p>\u00e2\u0153\u201dOlv\u00eddate del olor como el acr\u00edlico.<br \/>\n\u00e2\u0153\u201dTiene una magn\u00edfica durabilidad al desgaste.<br \/>\n\u00e2\u0153\u201dIncre\u00edble resistencia! \u00e2\u02dc\u009d<\/p>\n","protected":false},"excerpt":{"rendered":"<p>PolyGel strong. \u00e2\u0153\u201dOlv\u00eddate del olor como el acr\u00edlico. \u00e2\u0153\u201dTiene una magn\u00edfica durabilidad al desgaste. \u00e2\u0153\u201dIncre\u00edble resistencia! \u00e2\u02dc\u009d<\/p>\n","protected":false},"featured_media":3865,"comment_status":"open","ping_status":"closed","template":"","meta":[],"product_brand":[186],"product_cat":[226,232],"product_tag":[],"class_list":{"0":"post-3864","1":"product","2":"type-product","3":"status-publish","4":"has-post-thumbnail","6":"product_brand-illusion-beauty","7":"product_cat-constructores","8":"product_cat-polygel-strong-constructores","10":"first","11":"instock","12":"purchasable","13":"product-type-simple"},"_links":{"self":[{"href":"https:\/\/maabmakeup.com\/inicio-2\/wp-json\/wp\/v2\/product\/3864","targetHints":{"allow":["GET"]}}],"collection":[{"href":"https:\/\/maabmakeup.com\/inicio-2\/wp-json\/wp\/v2\/product"}],"about":[{"href":"https:\/\/maabmakeup.com\/inicio-2\/wp-json\/wp\/v2\/types\/product"}],"replies":[{"embeddable":true,"href":"https:\/\/maabmakeup.com\/inicio-2\/wp-json\/wp\/v2\/comments?post=3864"}],"wp:featuredmedia":[{"embeddable":true,"href":"https:\/\/maabmakeup.com\/inicio-2\/wp-json\/wp\/v2\/media\/3865"}],"wp:attachment":[{"href":"https:\/\/maabmakeup.com\/inicio-2\/wp-json\/wp\/v2\/media?parent=3864"}],"wp:term":[{"taxonomy":"product_brand","embeddable":true,"href":"https:\/\/maabmakeup.com\/inicio-2\/wp-json\/wp\/v2\/product_brand?post=3864"},{"taxonomy":"product_cat","embeddable":true,"href":"https:\/\/maabmakeup.com\/inicio-2\/wp-json\/wp\/v2\/product_cat?post=3864"},{"taxonomy":"product_tag","embeddable":true,"href":"https:\/\/maabmakeup.com\/inicio-2\/wp-json\/wp\/v2\/product_tag?post=3864"}],"curies":[{"name":"wp","href":"https:\/\/api.w.org\/{rel}","templated":true}]}}