{"id":403,"date":"2022-08-22T18:28:56","date_gmt":"2022-08-22T16:28:56","guid":{"rendered":"https:\/\/maabmakeup.es\/?post_type=product&#038;p=403"},"modified":"2025-12-23T11:41:34","modified_gmt":"2025-12-23T10:41:34","slug":"monomero-profesional-1l","status":"publish","type":"product","link":"https:\/\/maabmakeup.com\/inicio-2\/tienda\/liquidos\/monomero\/monomero-profesional-1l\/","title":{"rendered":"MON\u00d3MERO SECADO RAPIDO 1L"},"content":{"rendered":"<p><strong>Liquido acr\u00edlico profesional de secado medio, bajo olor y no se amarillea. Usar en combinaci\u00f3n con los polvos acrilicos IB.<\/strong><\/p>\n","protected":false},"excerpt":{"rendered":"<p>Liquido acr\u00edlico profesional de secado medio, bajo olor y no se amarillea. Usar en combinaci\u00f3n con los polvos acrilicos IB.<\/p>\n","protected":false},"featured_media":6347,"comment_status":"open","ping_status":"closed","template":"","meta":[],"product_brand":[186],"product_cat":[128,67],"product_tag":[178],"class_list":{"0":"post-403","1":"product","2":"type-product","3":"status-publish","4":"has-post-thumbnail","6":"product_brand-illusion-beauty","7":"product_cat-liquidos","8":"product_cat-monomero","9":"product_tag-178","11":"first","12":"outofstock","13":"purchasable","14":"product-type-simple"},"_links":{"self":[{"href":"https:\/\/maabmakeup.com\/inicio-2\/wp-json\/wp\/v2\/product\/403","targetHints":{"allow":["GET"]}}],"collection":[{"href":"https:\/\/maabmakeup.com\/inicio-2\/wp-json\/wp\/v2\/product"}],"about":[{"href":"https:\/\/maabmakeup.com\/inicio-2\/wp-json\/wp\/v2\/types\/product"}],"replies":[{"embeddable":true,"href":"https:\/\/maabmakeup.com\/inicio-2\/wp-json\/wp\/v2\/comments?post=403"}],"wp:featuredmedia":[{"embeddable":true,"href":"https:\/\/maabmakeup.com\/inicio-2\/wp-json\/wp\/v2\/media\/6347"}],"wp:attachment":[{"href":"https:\/\/maabmakeup.com\/inicio-2\/wp-json\/wp\/v2\/media?parent=403"}],"wp:term":[{"taxonomy":"product_brand","embeddable":true,"href":"https:\/\/maabmakeup.com\/inicio-2\/wp-json\/wp\/v2\/product_brand?post=403"},{"taxonomy":"product_cat","embeddable":true,"href":"https:\/\/maabmakeup.com\/inicio-2\/wp-json\/wp\/v2\/product_cat?post=403"},{"taxonomy":"product_tag","embeddable":true,"href":"https:\/\/maabmakeup.com\/inicio-2\/wp-json\/wp\/v2\/product_tag?post=403"}],"curies":[{"name":"wp","href":"https:\/\/api.w.org\/{rel}","templated":true}]}}