{"id":4208,"date":"2024-03-30T11:55:51","date_gmt":"2024-03-30T10:55:51","guid":{"rendered":"https:\/\/maabmakeup.es\/?post_type=product&#038;p=4208"},"modified":"2025-01-17T11:33:55","modified_gmt":"2025-01-17T10:33:55","slug":"ultrasonido-codyson-ab-4810-de-capacidad-de-2-litros","status":"publish","type":"product","link":"https:\/\/maabmakeup.com\/inicio-2\/tienda\/aparatologia-maquinaria\/ultrasonido-codyson-ab-4810-de-capacidad-de-2-litros\/","title":{"rendered":"ULTRASONIDO CODYSON AB-4810 DE CAPACIDAD DE 2 LITROS"},"content":{"rendered":"<p>Ultrasonido Codyson AB-4810 de capacidad de 2 litros<\/p>\n<p>Para la limpieza eficiente de todo tipo de herramientas, a trav\u00e9s de sus millones de peque\u00f1as burbujas de aire generadas, garantizan una limpieza en zonas completamente inaccesibles. Ofreciendo una limpieza \u00f3ptima antes de completar el ciclo de esterilizaci\u00f3n.<\/p>\n<p>Caracter\u00edsticas principales:<br \/>\n\u00e2\u20ac\u00a2 Dimensiones del tanque: 18,3 x 15,3 x 7,7 cm \/ 7,2 \u00abx 6,0\u00bb x 3,0 \u00ab.<\/p>\n<p>\u00e2\u20ac\u00a2 El volumen del recipiente es de 2 litros.<\/p>\n<p>\u00e2\u20ac\u00a2 Potencia del ba\u00f1o 70W, potencia del calentador 80W.<\/p>\n<p>\u00e2\u20ac\u00a2 Pantalla bicolor, temporizador de 1 a 30 minutos.<\/p>\n<p>Garant\u00eda 1 a\u00f1o.<\/p>\n","protected":false},"excerpt":{"rendered":"<p>Ultrasonido Codyson AB-4810 de capacidad de 2 litros Para la limpieza eficiente de todo tipo de herramientas, a trav\u00e9s de<\/p>\n","protected":false},"featured_media":4209,"comment_status":"open","ping_status":"closed","template":"","meta":[],"product_brand":[],"product_cat":[169],"product_tag":[],"class_list":{"0":"post-4208","1":"product","2":"type-product","3":"status-publish","4":"has-post-thumbnail","6":"product_cat-aparatologia-maquinaria","8":"first","9":"outofstock","10":"purchasable","11":"product-type-simple"},"_links":{"self":[{"href":"https:\/\/maabmakeup.com\/inicio-2\/wp-json\/wp\/v2\/product\/4208","targetHints":{"allow":["GET"]}}],"collection":[{"href":"https:\/\/maabmakeup.com\/inicio-2\/wp-json\/wp\/v2\/product"}],"about":[{"href":"https:\/\/maabmakeup.com\/inicio-2\/wp-json\/wp\/v2\/types\/product"}],"replies":[{"embeddable":true,"href":"https:\/\/maabmakeup.com\/inicio-2\/wp-json\/wp\/v2\/comments?post=4208"}],"wp:featuredmedia":[{"embeddable":true,"href":"https:\/\/maabmakeup.com\/inicio-2\/wp-json\/wp\/v2\/media\/4209"}],"wp:attachment":[{"href":"https:\/\/maabmakeup.com\/inicio-2\/wp-json\/wp\/v2\/media?parent=4208"}],"wp:term":[{"taxonomy":"product_brand","embeddable":true,"href":"https:\/\/maabmakeup.com\/inicio-2\/wp-json\/wp\/v2\/product_brand?post=4208"},{"taxonomy":"product_cat","embeddable":true,"href":"https:\/\/maabmakeup.com\/inicio-2\/wp-json\/wp\/v2\/product_cat?post=4208"},{"taxonomy":"product_tag","embeddable":true,"href":"https:\/\/maabmakeup.com\/inicio-2\/wp-json\/wp\/v2\/product_tag?post=4208"}],"curies":[{"name":"wp","href":"https:\/\/api.w.org\/{rel}","templated":true}]}}