{"id":4210,"date":"2024-03-30T12:01:15","date_gmt":"2024-03-30T11:01:15","guid":{"rendered":"https:\/\/maabmakeup.es\/?post_type=product&#038;p=4210"},"modified":"2025-01-02T13:38:27","modified_gmt":"2025-01-02T12:38:27","slug":"aspirador-sobremesa-teri-800m-para-manicura-profesional","status":"publish","type":"product","link":"https:\/\/maabmakeup.com\/inicio-2\/tienda\/aparatologia-maquinaria\/aspirador-sobremesa-teri-800m-para-manicura-profesional\/","title":{"rendered":"ASPIRADOR SOBREMESA TERI 800M PARA MANICURA PROFESIONAL"},"content":{"rendered":"<p>El aspirador de manicura Teri dispone de una gran capacidad de succi\u00f3n adem\u00e1s de un filtrado de aire 100% gracias a su filtro HEPA, el cual retiene hasta la m\u00e1s m\u00ednima part\u00edcula filtrando el aire y purific\u00e1ndolo. Gracias a la gran succi\u00f3n del equipo, conseguimos  proteger el motor del ventilador, la electr\u00f3nica contra el polvo y con esto alargamos la vida \u00fatil del aspirador.<\/p>\n<p>El HEPA (aire de part\u00edculas de alta eficiencia en ingl\u00e9s o suspensi\u00f3n de part\u00edculas de alta eficiencia) es un filtro de aire de alto rendimiento. Utilizado en aspiradoras, sistemas de purificaci\u00f3n de aire, sistemas de ventilaci\u00f3n y aire acondicionado. Para un buen mantenimiento, recomendamos cambiar el filtro aproximadamente una vez al mes.<\/p>\n<p>El aspirador Teri est\u00e1 fabricado en pl\u00e1stico ABS, con elementos de acero inoxidable y aluminio anodizado.<\/p>\n<p>Su tama\u00f1o es compacto y la enorme potencia lo convierten en una opci\u00f3n ideal para un manicurista que valora su salud y la salud de sus clientes. Todos los componentes electr\u00f3nicos se encuentran herm\u00e9ticamente cerrados, lo que hace que sea imposible acceder a los cables y sufrir cualquier tipo de accidente.<\/p>\n<p>Incluye:<\/p>\n<p>Aspirador Sobremesa 800M<\/p>\n<p>Cable de energ\u00eda<\/p>\n<p>Filtro HEPA Lavable de la marca Teri<\/p>\n","protected":false},"excerpt":{"rendered":"<p>El aspirador de manicura Teri dispone de una gran capacidad de succi\u00f3n adem\u00e1s de un filtrado de aire 100% gracias<\/p>\n","protected":false},"featured_media":4211,"comment_status":"open","ping_status":"closed","template":"","meta":[],"product_brand":[],"product_cat":[169],"product_tag":[],"class_list":{"0":"post-4210","1":"product","2":"type-product","3":"status-publish","4":"has-post-thumbnail","6":"product_cat-aparatologia-maquinaria","8":"first","9":"outofstock","10":"purchasable","11":"product-type-simple"},"_links":{"self":[{"href":"https:\/\/maabmakeup.com\/inicio-2\/wp-json\/wp\/v2\/product\/4210","targetHints":{"allow":["GET"]}}],"collection":[{"href":"https:\/\/maabmakeup.com\/inicio-2\/wp-json\/wp\/v2\/product"}],"about":[{"href":"https:\/\/maabmakeup.com\/inicio-2\/wp-json\/wp\/v2\/types\/product"}],"replies":[{"embeddable":true,"href":"https:\/\/maabmakeup.com\/inicio-2\/wp-json\/wp\/v2\/comments?post=4210"}],"wp:featuredmedia":[{"embeddable":true,"href":"https:\/\/maabmakeup.com\/inicio-2\/wp-json\/wp\/v2\/media\/4211"}],"wp:attachment":[{"href":"https:\/\/maabmakeup.com\/inicio-2\/wp-json\/wp\/v2\/media?parent=4210"}],"wp:term":[{"taxonomy":"product_brand","embeddable":true,"href":"https:\/\/maabmakeup.com\/inicio-2\/wp-json\/wp\/v2\/product_brand?post=4210"},{"taxonomy":"product_cat","embeddable":true,"href":"https:\/\/maabmakeup.com\/inicio-2\/wp-json\/wp\/v2\/product_cat?post=4210"},{"taxonomy":"product_tag","embeddable":true,"href":"https:\/\/maabmakeup.com\/inicio-2\/wp-json\/wp\/v2\/product_tag?post=4210"}],"curies":[{"name":"wp","href":"https:\/\/api.w.org\/{rel}","templated":true}]}}