{"id":4218,"date":"2024-03-30T12:20:12","date_gmt":"2024-03-30T11:20:12","guid":{"rendered":"https:\/\/maabmakeup.es\/?post_type=product&#038;p=4218"},"modified":"2025-03-20T12:28:43","modified_gmt":"2025-03-20T11:28:43","slug":"lampara-ettaala-pro-cordless-led-azul","status":"publish","type":"product","link":"https:\/\/maabmakeup.com\/inicio-2\/tienda\/aparatologia-maquinaria\/lampara-ettaala-pro-cordless-led-azul\/","title":{"rendered":"L\u00c1MPARA ETTAALA PRO CORDLESS LED AZUL"},"content":{"rendered":"<p>Caracter\u00edsticas:<\/p>\n<p>&#8211; Inal\u00e1mbrica y recargable.<\/p>\n<p>&#8211; Sensor autom\u00e1tico para detectar manos y pies.<\/p>\n<p>&#8211; Temporizador de curado preestablecido de 10s, 30s, 60s y 90s.<\/p>\n<p>&#8211; Pantalla LCD para tiempo de curado.<\/p>\n<p>&#8211; Asa de transporte para movilidad.<\/p>\n<p>Especificaciones:<\/p>\n<p>&#8211; 39 perlas LED para un curado uniforme.<\/p>\n<p>&#8211; Luces de 78 vatios para un curado potente.<\/p>\n<p>&#8211; Luz blanca ultravioleta segura para la piel.<\/p>\n<p>&#8211; Fuente de luz dual 365+395nm.<\/p>\n<p>&#8211; Bombillas LED 50.000h, tiempo de servicio.<\/p>\n","protected":false},"excerpt":{"rendered":"<p>Caracter\u00edsticas: &#8211; Inal\u00e1mbrica y recargable. &#8211; Sensor autom\u00e1tico para detectar manos y pies. &#8211; Temporizador de curado preestablecido de 10s,<\/p>\n","protected":false},"featured_media":4219,"comment_status":"open","ping_status":"closed","template":"","meta":[],"product_brand":[],"product_cat":[169],"product_tag":[],"class_list":{"0":"post-4218","1":"product","2":"type-product","3":"status-publish","4":"has-post-thumbnail","6":"product_cat-aparatologia-maquinaria","8":"first","9":"outofstock","10":"purchasable","11":"product-type-simple"},"_links":{"self":[{"href":"https:\/\/maabmakeup.com\/inicio-2\/wp-json\/wp\/v2\/product\/4218","targetHints":{"allow":["GET"]}}],"collection":[{"href":"https:\/\/maabmakeup.com\/inicio-2\/wp-json\/wp\/v2\/product"}],"about":[{"href":"https:\/\/maabmakeup.com\/inicio-2\/wp-json\/wp\/v2\/types\/product"}],"replies":[{"embeddable":true,"href":"https:\/\/maabmakeup.com\/inicio-2\/wp-json\/wp\/v2\/comments?post=4218"}],"wp:featuredmedia":[{"embeddable":true,"href":"https:\/\/maabmakeup.com\/inicio-2\/wp-json\/wp\/v2\/media\/4219"}],"wp:attachment":[{"href":"https:\/\/maabmakeup.com\/inicio-2\/wp-json\/wp\/v2\/media?parent=4218"}],"wp:term":[{"taxonomy":"product_brand","embeddable":true,"href":"https:\/\/maabmakeup.com\/inicio-2\/wp-json\/wp\/v2\/product_brand?post=4218"},{"taxonomy":"product_cat","embeddable":true,"href":"https:\/\/maabmakeup.com\/inicio-2\/wp-json\/wp\/v2\/product_cat?post=4218"},{"taxonomy":"product_tag","embeddable":true,"href":"https:\/\/maabmakeup.com\/inicio-2\/wp-json\/wp\/v2\/product_tag?post=4218"}],"curies":[{"name":"wp","href":"https:\/\/api.w.org\/{rel}","templated":true}]}}