{"id":4225,"date":"2024-03-30T12:33:32","date_gmt":"2024-03-30T11:33:32","guid":{"rendered":"https:\/\/maabmakeup.es\/?post_type=product&#038;p=4225"},"modified":"2025-08-07T17:19:07","modified_gmt":"2025-08-07T15:19:07","slug":"ultra-bonder-hn","status":"publish","type":"product","link":"https:\/\/maabmakeup.com\/inicio-2\/tienda\/base\/rigida\/ultra-bonder-hn\/","title":{"rendered":"ULTRA BONDER HN"},"content":{"rendered":"<p>Ultra  Bonder 10ml  es el mejor bonder jam\u00e1s lanzado por HN Hit Nails, es una evoluci\u00f3n en relaci\u00f3n a los otros vendidos anteriormente.<\/p>\n<p>Funciona como  \u00abuna cinta adhesiva de doble cara\u00bb  que se adhiere a la u\u00f1a, mientras prepara la recepci\u00f3n del siguiente producto a aplicar.<\/p>\n<p>Es un poco m\u00e1s espeso que Bonder y ofrece beneficios adicionales con la inclusi\u00f3n de vitaminas D y E. Es mucho m\u00e1s seguro para las u\u00f1as naturales que los primers \u00e1cidos sin sacrificar el rendimiento.<\/p>\n<p>Ultra Bonder 10 ml tiene poco olor y no quema las u\u00f1as ni las cut\u00edculas naturales. Funciona perfectamente con la mayor\u00eda de los geles y acr\u00edlicos. Posee secado r\u00e1pido al aire de tan solo 20 segundos aproximadamente.<\/p>\n","protected":false},"excerpt":{"rendered":"<p>Ultra Bonder 10ml es el mejor bonder jam\u00e1s lanzado por HN Hit Nails, es una evoluci\u00f3n en relaci\u00f3n a los<\/p>\n","protected":false},"featured_media":4226,"comment_status":"open","ping_status":"closed","template":"","meta":[],"product_brand":[237],"product_cat":[36,235],"product_tag":[],"class_list":{"0":"post-4225","1":"product","2":"type-product","3":"status-publish","4":"has-post-thumbnail","6":"product_brand-hn","7":"product_cat-base","8":"product_cat-rigida","10":"first","11":"outofstock","12":"purchasable","13":"product-type-simple"},"_links":{"self":[{"href":"https:\/\/maabmakeup.com\/inicio-2\/wp-json\/wp\/v2\/product\/4225","targetHints":{"allow":["GET"]}}],"collection":[{"href":"https:\/\/maabmakeup.com\/inicio-2\/wp-json\/wp\/v2\/product"}],"about":[{"href":"https:\/\/maabmakeup.com\/inicio-2\/wp-json\/wp\/v2\/types\/product"}],"replies":[{"embeddable":true,"href":"https:\/\/maabmakeup.com\/inicio-2\/wp-json\/wp\/v2\/comments?post=4225"}],"wp:featuredmedia":[{"embeddable":true,"href":"https:\/\/maabmakeup.com\/inicio-2\/wp-json\/wp\/v2\/media\/4226"}],"wp:attachment":[{"href":"https:\/\/maabmakeup.com\/inicio-2\/wp-json\/wp\/v2\/media?parent=4225"}],"wp:term":[{"taxonomy":"product_brand","embeddable":true,"href":"https:\/\/maabmakeup.com\/inicio-2\/wp-json\/wp\/v2\/product_brand?post=4225"},{"taxonomy":"product_cat","embeddable":true,"href":"https:\/\/maabmakeup.com\/inicio-2\/wp-json\/wp\/v2\/product_cat?post=4225"},{"taxonomy":"product_tag","embeddable":true,"href":"https:\/\/maabmakeup.com\/inicio-2\/wp-json\/wp\/v2\/product_tag?post=4225"}],"curies":[{"name":"wp","href":"https:\/\/api.w.org\/{rel}","templated":true}]}}