{"id":4236,"date":"2024-03-30T13:00:15","date_gmt":"2024-03-30T12:00:15","guid":{"rendered":"https:\/\/maabmakeup.es\/?post_type=product&#038;p=4236"},"modified":"2025-07-01T14:28:21","modified_gmt":"2025-07-01T12:28:21","slug":"base-de-fibra-natural-rigida-fiberglass-hn","status":"publish","type":"product","link":"https:\/\/maabmakeup.com\/inicio-2\/tienda\/base\/rigida\/base-de-fibra-natural-rigida-fiberglass-hn\/","title":{"rendered":"BASE DE FIBRA NATURAL (R\u00cdGIDA) FIBERGLASS HN"},"content":{"rendered":"<p>Fiberglass Base &#8211; 10ml Es una base de gel de fibra de vidrio, super resistente, indicado para u\u00f1as m\u00e1s sensibles.<\/p>\n<p>Podr\u00e1s utilizar  en trabajos con Top Color, semipermanentes , gel y acr\u00edlico.<\/p>\n<p>Permite hacer extensi\u00f3n hasta 2mm y un perfecto apex! \u00f3ptima adhesi\u00f3n y excelente durabilidad.<\/p>\n","protected":false},"excerpt":{"rendered":"<p>Fiberglass Base &#8211; 10ml Es una base de gel de fibra de vidrio, super resistente, indicado para u\u00f1as m\u00e1s sensibles.<\/p>\n","protected":false},"featured_media":4237,"comment_status":"open","ping_status":"closed","template":"","meta":[],"product_brand":[237],"product_cat":[36,235],"product_tag":[],"class_list":{"0":"post-4236","1":"product","2":"type-product","3":"status-publish","4":"has-post-thumbnail","6":"product_brand-hn","7":"product_cat-base","8":"product_cat-rigida","10":"first","11":"outofstock","12":"purchasable","13":"product-type-simple"},"_links":{"self":[{"href":"https:\/\/maabmakeup.com\/inicio-2\/wp-json\/wp\/v2\/product\/4236","targetHints":{"allow":["GET"]}}],"collection":[{"href":"https:\/\/maabmakeup.com\/inicio-2\/wp-json\/wp\/v2\/product"}],"about":[{"href":"https:\/\/maabmakeup.com\/inicio-2\/wp-json\/wp\/v2\/types\/product"}],"replies":[{"embeddable":true,"href":"https:\/\/maabmakeup.com\/inicio-2\/wp-json\/wp\/v2\/comments?post=4236"}],"wp:featuredmedia":[{"embeddable":true,"href":"https:\/\/maabmakeup.com\/inicio-2\/wp-json\/wp\/v2\/media\/4237"}],"wp:attachment":[{"href":"https:\/\/maabmakeup.com\/inicio-2\/wp-json\/wp\/v2\/media?parent=4236"}],"wp:term":[{"taxonomy":"product_brand","embeddable":true,"href":"https:\/\/maabmakeup.com\/inicio-2\/wp-json\/wp\/v2\/product_brand?post=4236"},{"taxonomy":"product_cat","embeddable":true,"href":"https:\/\/maabmakeup.com\/inicio-2\/wp-json\/wp\/v2\/product_cat?post=4236"},{"taxonomy":"product_tag","embeddable":true,"href":"https:\/\/maabmakeup.com\/inicio-2\/wp-json\/wp\/v2\/product_tag?post=4236"}],"curies":[{"name":"wp","href":"https:\/\/api.w.org\/{rel}","templated":true}]}}