{"id":4238,"date":"2024-03-30T13:14:08","date_gmt":"2024-03-30T12:14:08","guid":{"rendered":"https:\/\/maabmakeup.es\/?post_type=product&#038;p=4238"},"modified":"2025-08-07T17:24:42","modified_gmt":"2025-08-07T15:24:42","slug":"base-express-yellow-rubber-hn-10ml","status":"publish","type":"product","link":"https:\/\/maabmakeup.com\/inicio-2\/tienda\/base\/flexible\/base-express-yellow-rubber-hn-10ml\/","title":{"rendered":"BASE EXPRESS YELLOW (RUBBER) HN 10ML"},"content":{"rendered":"<p>Express Base &#8211; 10ml Es una base  gel polish ( semipermanente) el\u00e1stica, extra fuerte de consistencia m\u00e9dia\/espesa para trabajos con  Color,  Gel  polish y Gel. Permite hacer  extensi\u00f3n hasta de  2mm con un \u00e1pice perfecto!  \u00d3ptima adhesi\u00f3n y excelente durabilidad. Conoce todas las bases disponibles  y  no dejes de probar este producto de excelencia!<\/p>\n<p>Ventajas:<\/p>\n<p>M\u00e1s r\u00e1pido<br \/>\nM\u00e1s simples<br \/>\nF\u00e1cil de nivelar<br \/>\nAlta calidad<br \/>\nCaracter\u00edsticas: <\/p>\n<p>Consistencia de baja-media densidad<br \/>\nAquecimento: \u00e2\u00ad\u0090<br \/>\nResistencia: \u00e2\u00ad\u0090\u00e2\u00ad\u0090\u00e2\u00ad\u0090\u00e2\u00ad\u0090\u00e2\u00ad\u0090<br \/>\nUV: Si &#8211; 2min<br \/>\nLED: Si- 1min<br \/>\nDurabilidad: \u00e2\u00ad\u0090\u00e2\u00ad\u0090\u00e2\u00ad\u0090\u00e2\u00ad\u0090\u00e2\u00ad\u0090<\/p>\n","protected":false},"excerpt":{"rendered":"<p>Express Base &#8211; 10ml Es una base gel polish ( semipermanente) el\u00e1stica, extra fuerte de consistencia m\u00e9dia\/espesa para trabajos con<\/p>\n","protected":false},"featured_media":4239,"comment_status":"open","ping_status":"closed","template":"","meta":[],"product_brand":[237],"product_cat":[36,234],"product_tag":[],"class_list":{"0":"post-4238","1":"product","2":"type-product","3":"status-publish","4":"has-post-thumbnail","6":"product_brand-hn","7":"product_cat-base","8":"product_cat-flexible","10":"first","11":"instock","12":"purchasable","13":"product-type-simple"},"_links":{"self":[{"href":"https:\/\/maabmakeup.com\/inicio-2\/wp-json\/wp\/v2\/product\/4238","targetHints":{"allow":["GET"]}}],"collection":[{"href":"https:\/\/maabmakeup.com\/inicio-2\/wp-json\/wp\/v2\/product"}],"about":[{"href":"https:\/\/maabmakeup.com\/inicio-2\/wp-json\/wp\/v2\/types\/product"}],"replies":[{"embeddable":true,"href":"https:\/\/maabmakeup.com\/inicio-2\/wp-json\/wp\/v2\/comments?post=4238"}],"wp:featuredmedia":[{"embeddable":true,"href":"https:\/\/maabmakeup.com\/inicio-2\/wp-json\/wp\/v2\/media\/4239"}],"wp:attachment":[{"href":"https:\/\/maabmakeup.com\/inicio-2\/wp-json\/wp\/v2\/media?parent=4238"}],"wp:term":[{"taxonomy":"product_brand","embeddable":true,"href":"https:\/\/maabmakeup.com\/inicio-2\/wp-json\/wp\/v2\/product_brand?post=4238"},{"taxonomy":"product_cat","embeddable":true,"href":"https:\/\/maabmakeup.com\/inicio-2\/wp-json\/wp\/v2\/product_cat?post=4238"},{"taxonomy":"product_tag","embeddable":true,"href":"https:\/\/maabmakeup.com\/inicio-2\/wp-json\/wp\/v2\/product_tag?post=4238"}],"curies":[{"name":"wp","href":"https:\/\/api.w.org\/{rel}","templated":true}]}}