{"id":4290,"date":"2024-04-01T20:31:37","date_gmt":"2024-04-01T18:31:37","guid":{"rendered":"https:\/\/maabmakeup.es\/?post_type=product&#038;p=4290"},"modified":"2025-10-23T12:42:06","modified_gmt":"2025-10-23T10:42:06","slug":"fresa-para-retirar-el-gel-acrilico-6mm-906803-lanza-violeta-6m-neonail","status":"publish","type":"product","link":"https:\/\/maabmakeup.com\/inicio-2\/tienda\/accesorios\/fresas\/carburo\/fresa-para-retirar-el-gel-acrilico-6mm-906803-lanza-violeta-6m-neonail\/","title":{"rendered":"FRESA PARA RETIRAR EL GEL\/ACR\u00cdLICO 6MM 906803 LANZA VIOLETA 6M NEONAIL FINA"},"content":{"rendered":"<p>FRESA Broca lila material de cer\u00e1mica el grano medio. Para relleno y vaciado de extensi\u00f3n de las u\u00f1as.<\/p>\n<p>Tama\u00f1o 12mmx2.3mm<\/p>\n<p>Sirve para todas las m\u00e1quinas\/tornos de manicura y pedicura, para retirara acr\u00edlico, gel o polygel.<\/p>\n","protected":false},"excerpt":{"rendered":"<p>FRESA Broca lila material de cer\u00e1mica el grano medio. Para relleno y vaciado de extensi\u00f3n de las u\u00f1as. Tama\u00f1o 12mmx2.3mm<\/p>\n","protected":false},"featured_media":4291,"comment_status":"open","ping_status":"closed","template":"","meta":[],"product_brand":[],"product_cat":[102,56],"product_tag":[],"class_list":{"0":"post-4290","1":"product","2":"type-product","3":"status-publish","4":"has-post-thumbnail","6":"product_cat-carburo","7":"product_cat-fresas","9":"first","10":"instock","11":"purchasable","12":"product-type-simple"},"_links":{"self":[{"href":"https:\/\/maabmakeup.com\/inicio-2\/wp-json\/wp\/v2\/product\/4290","targetHints":{"allow":["GET"]}}],"collection":[{"href":"https:\/\/maabmakeup.com\/inicio-2\/wp-json\/wp\/v2\/product"}],"about":[{"href":"https:\/\/maabmakeup.com\/inicio-2\/wp-json\/wp\/v2\/types\/product"}],"replies":[{"embeddable":true,"href":"https:\/\/maabmakeup.com\/inicio-2\/wp-json\/wp\/v2\/comments?post=4290"}],"wp:featuredmedia":[{"embeddable":true,"href":"https:\/\/maabmakeup.com\/inicio-2\/wp-json\/wp\/v2\/media\/4291"}],"wp:attachment":[{"href":"https:\/\/maabmakeup.com\/inicio-2\/wp-json\/wp\/v2\/media?parent=4290"}],"wp:term":[{"taxonomy":"product_brand","embeddable":true,"href":"https:\/\/maabmakeup.com\/inicio-2\/wp-json\/wp\/v2\/product_brand?post=4290"},{"taxonomy":"product_cat","embeddable":true,"href":"https:\/\/maabmakeup.com\/inicio-2\/wp-json\/wp\/v2\/product_cat?post=4290"},{"taxonomy":"product_tag","embeddable":true,"href":"https:\/\/maabmakeup.com\/inicio-2\/wp-json\/wp\/v2\/product_tag?post=4290"}],"curies":[{"name":"wp","href":"https:\/\/api.w.org\/{rel}","templated":true}]}}