{"id":4294,"date":"2024-04-01T20:43:57","date_gmt":"2024-04-01T18:43:57","guid":{"rendered":"https:\/\/maabmakeup.es\/?post_type=product&#038;p=4294"},"modified":"2025-10-21T13:44:43","modified_gmt":"2025-10-21T11:44:43","slug":"fresa-carburo-precision-pro-lila","status":"publish","type":"product","link":"https:\/\/maabmakeup.com\/inicio-2\/tienda\/accesorios\/fresas\/carburo\/fresa-carburo-precision-pro-lila\/","title":{"rendered":"FRESA CARBURO PRECISION PRO LILA"},"content":{"rendered":"<p>Sirve para RETIRAR GEL ACR\u00cdLICO y el esmalte permanente con capa gruesa con nivelaci\u00f3n.<\/p>\n<p>No quema.<\/p>\n<p>Broca de Larga Duraci\u00f3n por su alta Calidad.<\/p>\n<p>Se limpia muy f\u00e1cil.<\/p>\n<p>Sirve para todas las m\u00e1quinas\/tornos de manicura y pedicura.<\/p>\n<p>Con esa fresa se puede retirar el GEL ACR\u00cdLICO r\u00e1pido, sin hacer da\u00f1o a la u\u00f1a.<\/p>\n","protected":false},"excerpt":{"rendered":"<p>Sirve para RETIRAR GEL ACR\u00cdLICO y el esmalte permanente con capa gruesa con nivelaci\u00f3n. No quema. Broca de Larga Duraci\u00f3n<\/p>\n","protected":false},"featured_media":4295,"comment_status":"open","ping_status":"closed","template":"","meta":[],"product_brand":[],"product_cat":[102,56],"product_tag":[],"class_list":{"0":"post-4294","1":"product","2":"type-product","3":"status-publish","4":"has-post-thumbnail","6":"product_cat-carburo","7":"product_cat-fresas","9":"first","10":"outofstock","11":"purchasable","12":"product-type-simple"},"_links":{"self":[{"href":"https:\/\/maabmakeup.com\/inicio-2\/wp-json\/wp\/v2\/product\/4294","targetHints":{"allow":["GET"]}}],"collection":[{"href":"https:\/\/maabmakeup.com\/inicio-2\/wp-json\/wp\/v2\/product"}],"about":[{"href":"https:\/\/maabmakeup.com\/inicio-2\/wp-json\/wp\/v2\/types\/product"}],"replies":[{"embeddable":true,"href":"https:\/\/maabmakeup.com\/inicio-2\/wp-json\/wp\/v2\/comments?post=4294"}],"wp:featuredmedia":[{"embeddable":true,"href":"https:\/\/maabmakeup.com\/inicio-2\/wp-json\/wp\/v2\/media\/4295"}],"wp:attachment":[{"href":"https:\/\/maabmakeup.com\/inicio-2\/wp-json\/wp\/v2\/media?parent=4294"}],"wp:term":[{"taxonomy":"product_brand","embeddable":true,"href":"https:\/\/maabmakeup.com\/inicio-2\/wp-json\/wp\/v2\/product_brand?post=4294"},{"taxonomy":"product_cat","embeddable":true,"href":"https:\/\/maabmakeup.com\/inicio-2\/wp-json\/wp\/v2\/product_cat?post=4294"},{"taxonomy":"product_tag","embeddable":true,"href":"https:\/\/maabmakeup.com\/inicio-2\/wp-json\/wp\/v2\/product_tag?post=4294"}],"curies":[{"name":"wp","href":"https:\/\/api.w.org\/{rel}","templated":true}]}}