{"id":4340,"date":"2024-04-01T22:20:08","date_gmt":"2024-04-01T20:20:08","guid":{"rendered":"https:\/\/maabmakeup.es\/?post_type=product&#038;p=4340"},"modified":"2025-06-26T18:03:24","modified_gmt":"2025-06-26T16:03:24","slug":"royal-22-ib-nails-5ml","status":"publish","type":"product","link":"https:\/\/maabmakeup.com\/inicio-2\/tienda\/esmaltes\/royal\/royal-22-ib-nails-5ml\/","title":{"rendered":"Royal 22 IB Nails \u2013 5ml"},"content":{"rendered":"<p>Gel polish de f\u00e1cil aplicaci\u00f3n y gran cobertura.<\/p>\n<p>Autonivelante.<br \/>\nContiene capa adhesiva.<br \/>\nPara dise\u00f1o y cobertura completa.<br \/>\nAseg\u00farate de usar una imprimaci\u00f3n.<\/p>\n","protected":false},"excerpt":{"rendered":"<p>Gel polish de f\u00e1cil aplicaci\u00f3n y gran cobertura. Autonivelante. Contiene capa adhesiva. Para dise\u00f1o y cobertura completa. Aseg\u00farate de usar<\/p>\n","protected":false},"featured_media":4341,"comment_status":"open","ping_status":"closed","template":"","meta":[],"product_brand":[186],"product_cat":[123,187],"product_tag":[],"class_list":{"0":"post-4340","1":"product","2":"type-product","3":"status-publish","4":"has-post-thumbnail","6":"product_brand-illusion-beauty","7":"product_cat-esmaltes","8":"product_cat-royal","10":"first","11":"instock","12":"purchasable","13":"product-type-simple"},"_links":{"self":[{"href":"https:\/\/maabmakeup.com\/inicio-2\/wp-json\/wp\/v2\/product\/4340","targetHints":{"allow":["GET"]}}],"collection":[{"href":"https:\/\/maabmakeup.com\/inicio-2\/wp-json\/wp\/v2\/product"}],"about":[{"href":"https:\/\/maabmakeup.com\/inicio-2\/wp-json\/wp\/v2\/types\/product"}],"replies":[{"embeddable":true,"href":"https:\/\/maabmakeup.com\/inicio-2\/wp-json\/wp\/v2\/comments?post=4340"}],"wp:featuredmedia":[{"embeddable":true,"href":"https:\/\/maabmakeup.com\/inicio-2\/wp-json\/wp\/v2\/media\/4341"}],"wp:attachment":[{"href":"https:\/\/maabmakeup.com\/inicio-2\/wp-json\/wp\/v2\/media?parent=4340"}],"wp:term":[{"taxonomy":"product_brand","embeddable":true,"href":"https:\/\/maabmakeup.com\/inicio-2\/wp-json\/wp\/v2\/product_brand?post=4340"},{"taxonomy":"product_cat","embeddable":true,"href":"https:\/\/maabmakeup.com\/inicio-2\/wp-json\/wp\/v2\/product_cat?post=4340"},{"taxonomy":"product_tag","embeddable":true,"href":"https:\/\/maabmakeup.com\/inicio-2\/wp-json\/wp\/v2\/product_tag?post=4340"}],"curies":[{"name":"wp","href":"https:\/\/api.w.org\/{rel}","templated":true}]}}