{"id":4466,"date":"2024-04-06T14:27:07","date_gmt":"2024-04-06T12:27:07","guid":{"rendered":"https:\/\/maabmakeup.es\/?post_type=product&#038;p=4466"},"modified":"2025-06-30T19:14:27","modified_gmt":"2025-06-30T17:14:27","slug":"polygel-strong-08-carnival-termish-30gr","status":"publish","type":"product","link":"https:\/\/maabmakeup.com\/inicio-2\/tienda\/constructores\/polygel-strong-constructores\/polygel-strong-08-carnival-termish-30gr\/","title":{"rendered":"PolyGel Strong 08 \u00abCarnival\u00bb Termish \u2013 30gr"},"content":{"rendered":"<p>El Polygel Termish es un material h\u00edbrido que combina las mejores propiedades del gel y el acr\u00edlico. Se utiliza para alargar el borde libre de la u\u00f1a o para reconstrucciones parciales. Polygel tiene una consistencia inm\u00f3vil especial, no se seca al aire y mantiene bien su forma. Esta propiedad permite modelar la forma ideal para cualquier anatom\u00eda de la u\u00f1a, lo que reduce el tiempo de limado. El Polygel Termish es de uso f\u00e1cil y r\u00e1pidamente para limar con una lima de grano 240. Cuando se lima, el polvo se asienta, permite al t\u00e9cnico minimizar la entrada de part\u00edculas de polvo a los pulmones. Cura en l\u00e1mpara LED \/ UV 30\/120 seg. La manicura con Polygel es resistente a los golpes y al estr\u00e9s sometido por el cliente. El material se adhiere perfectamente a la placa de la u\u00f1a de 2 a 5 semanas. El Polygel no tiene un fuerte olor qu\u00edmico.<\/p>\n<p>El Polygel Termish tiene una paleta de tonos de camuflaje nobles. Uno de ellos es completamente transparente, otros tienen tonos beige-rosa transl\u00facidos densos y claros. Polygel se puede utilizar tanto de forma independiente como recubierto con geles de colores y gel polish.<\/p>\n","protected":false},"excerpt":{"rendered":"<p>El Polygel Termish es un material h\u00edbrido que combina las mejores propiedades del gel y el acr\u00edlico. Se utiliza para<\/p>\n","protected":false},"featured_media":4467,"comment_status":"open","ping_status":"closed","template":"","meta":[],"product_brand":[186],"product_cat":[226,232],"product_tag":[],"class_list":{"0":"post-4466","1":"product","2":"type-product","3":"status-publish","4":"has-post-thumbnail","6":"product_brand-illusion-beauty","7":"product_cat-constructores","8":"product_cat-polygel-strong-constructores","10":"first","11":"instock","12":"purchasable","13":"product-type-simple"},"_links":{"self":[{"href":"https:\/\/maabmakeup.com\/inicio-2\/wp-json\/wp\/v2\/product\/4466","targetHints":{"allow":["GET"]}}],"collection":[{"href":"https:\/\/maabmakeup.com\/inicio-2\/wp-json\/wp\/v2\/product"}],"about":[{"href":"https:\/\/maabmakeup.com\/inicio-2\/wp-json\/wp\/v2\/types\/product"}],"replies":[{"embeddable":true,"href":"https:\/\/maabmakeup.com\/inicio-2\/wp-json\/wp\/v2\/comments?post=4466"}],"wp:featuredmedia":[{"embeddable":true,"href":"https:\/\/maabmakeup.com\/inicio-2\/wp-json\/wp\/v2\/media\/4467"}],"wp:attachment":[{"href":"https:\/\/maabmakeup.com\/inicio-2\/wp-json\/wp\/v2\/media?parent=4466"}],"wp:term":[{"taxonomy":"product_brand","embeddable":true,"href":"https:\/\/maabmakeup.com\/inicio-2\/wp-json\/wp\/v2\/product_brand?post=4466"},{"taxonomy":"product_cat","embeddable":true,"href":"https:\/\/maabmakeup.com\/inicio-2\/wp-json\/wp\/v2\/product_cat?post=4466"},{"taxonomy":"product_tag","embeddable":true,"href":"https:\/\/maabmakeup.com\/inicio-2\/wp-json\/wp\/v2\/product_tag?post=4466"}],"curies":[{"name":"wp","href":"https:\/\/api.w.org\/{rel}","templated":true}]}}