{"id":4520,"date":"2024-04-09T20:23:55","date_gmt":"2024-04-09T18:23:55","guid":{"rendered":"https:\/\/maabmakeup.es\/?post_type=product&#038;p=4520"},"modified":"2025-08-08T12:09:49","modified_gmt":"2025-08-08T10:09:49","slug":"marklux-no09-12ml","status":"publish","type":"product","link":"https:\/\/maabmakeup.com\/inicio-2\/tienda\/esmaltes\/marklux-no09-12ml\/","title":{"rendered":"MarkLux n\u00ba09 \u2013 12ml"},"content":{"rendered":"<p>Nueva colecci\u00f3n Premium Gel Polish.<\/p>\n<p>Aplicaci\u00f3n en una sola capa.<\/p>\n<p>Contiene capa adhesiva.<\/p>\n<p>Secado en l\u00e1mpara LED 30 segundos.<\/p>\n","protected":false},"excerpt":{"rendered":"<p>Nueva colecci\u00f3n Premium Gel Polish. Aplicaci\u00f3n en una sola capa. Contiene capa adhesiva. Secado en l\u00e1mpara LED 30 segundos.<\/p>\n","protected":false},"featured_media":4521,"comment_status":"open","ping_status":"closed","template":"","meta":[],"product_brand":[208],"product_cat":[123,176],"product_tag":[],"class_list":{"0":"post-4520","1":"product","2":"type-product","3":"status-publish","4":"has-post-thumbnail","6":"product_brand-nika-nagel","7":"product_cat-esmaltes","8":"product_cat-ofertas","10":"first","11":"instock","12":"sale","13":"purchasable","14":"product-type-simple"},"_links":{"self":[{"href":"https:\/\/maabmakeup.com\/inicio-2\/wp-json\/wp\/v2\/product\/4520","targetHints":{"allow":["GET"]}}],"collection":[{"href":"https:\/\/maabmakeup.com\/inicio-2\/wp-json\/wp\/v2\/product"}],"about":[{"href":"https:\/\/maabmakeup.com\/inicio-2\/wp-json\/wp\/v2\/types\/product"}],"replies":[{"embeddable":true,"href":"https:\/\/maabmakeup.com\/inicio-2\/wp-json\/wp\/v2\/comments?post=4520"}],"wp:featuredmedia":[{"embeddable":true,"href":"https:\/\/maabmakeup.com\/inicio-2\/wp-json\/wp\/v2\/media\/4521"}],"wp:attachment":[{"href":"https:\/\/maabmakeup.com\/inicio-2\/wp-json\/wp\/v2\/media?parent=4520"}],"wp:term":[{"taxonomy":"product_brand","embeddable":true,"href":"https:\/\/maabmakeup.com\/inicio-2\/wp-json\/wp\/v2\/product_brand?post=4520"},{"taxonomy":"product_cat","embeddable":true,"href":"https:\/\/maabmakeup.com\/inicio-2\/wp-json\/wp\/v2\/product_cat?post=4520"},{"taxonomy":"product_tag","embeddable":true,"href":"https:\/\/maabmakeup.com\/inicio-2\/wp-json\/wp\/v2\/product_tag?post=4520"}],"curies":[{"name":"wp","href":"https:\/\/api.w.org\/{rel}","templated":true}]}}